{"id":615,"date":"2016-05-19T17:13:20","date_gmt":"2016-05-19T17:13:20","guid":{"rendered":"http:\/\/aiakaar.ee\/fi\/avaleht\/"},"modified":"2022-03-23T17:00:48","modified_gmt":"2022-03-23T15:00:48","slug":"viherrakennus","status":"publish","type":"page","link":"https:\/\/aiakaar.ee\/fi\/","title":{"rendered":"Viherrakennus"},"content":{"rendered":"<div id='fullscreen_slider_1'  class='avia-fullscreen-slider main_color   avia-builder-el-0  el_before_av_layout_row  avia-builder-el-first   container_wrap sidebar_right' style=' '  ><a href='#next-section' title='' class='scroll-down-link av-control-hidden' aria-hidden='true' data-av_icon='\ue877' data-av_iconfont='entypo-fontello'><\/a><div   data-size='no scaling'  data-lightbox_size='large'  data-animation='fade'  data-conditional_play=''  data-ids='572,573'  data-video_counter='0'  data-autoplay='true'  data-bg_slider='true'  data-slide_height='100'  data-handle='av_fullscreen'  data-interval='7'  data-class=' '  data-el_id=''  data-css_id='fullscreen_slider_1'  data-scroll_down='aviaTBscroll_down'  data-control_layout='av-control-hidden'  data-custom_markup=''  data-perma_caption='aviaTBperma_caption'  data-autoplay_stopper=''  data-image_attachment=''  data-min_height='0px'  data-lazy_loading='disabled'  data-stretch=''  class='avia-slideshow avia-slideshow-1 av-slider-scroll-down-active av-control-hidden av-default-height-applied avia-slideshow-no scaling av_fullscreen   avia-fade-slider '  itemprop=\"image\" itemscope=\"itemscope\" itemtype=\"https:\/\/schema.org\/ImageObject\" ><ul class='avia-slideshow-inner ' style='padding-bottom: 56.25%;' ><li style='background-position:center center;' data-img-url='https:\/\/aiakaar.ee\/wp-content\/uploads\/2016\/05\/haljastus.jpg' class=' slide-1 ' ><div data-rel='slideshow-1' class='avia-slide-wrap '   ><div class='av-section-color-overlay' style='opacity: 0.3; background-color: #000000; '><\/div><\/div><\/li><li style='background-position:center center;' data-img-url='https:\/\/aiakaar.ee\/wp-content\/uploads\/2016\/05\/haljastus1.jpg' class=' slide-2 ' ><div data-rel='slideshow-1' class='avia-slide-wrap '   ><\/div><\/li><\/ul><div class='avia-slideshow-arrows avia-slideshow-controls'><a href='#prev' class='prev-slide' aria-hidden='true' data-av_icon='\ue87c' data-av_iconfont='entypo-fontello'>Previous<\/a><a href='#next' class='next-slide' aria-hidden='true' data-av_icon='\ue87d' data-av_iconfont='entypo-fontello'>Next<\/a><\/div><div class='avia-slideshow-dots avia-slideshow-controls'><a href='#1' class='goto-slide active' >1<\/a><a href='#2' class='goto-slide ' >2<\/a><\/div><div class = \"caption_fullwidth av-slideshow-caption caption_center\"><div class = \"container caption_container\"><div class = \"slideshow_caption\"><div class = \"slideshow_inner_caption\"><div class = \"slideshow_align_caption\"><h2  style='font-size:70px; ' class='avia-caption-title  '  itemprop=\"name\" >Viherrakennus Aiakaar<\/h2><br\/><a href='https:\/\/aiakaar.ee\/fi\/viherrakentaminen\/'  class='avia-slideshow-button avia-button avia-color-light avia-multi-slideshow-button' data-duration='800' data-easing='easeInOutQuad'>Palvelut<\/a><a href='https:\/\/aiakaar.ee\/fi\/yhteystiedot\/'  class='avia-slideshow-button avia-button avia-color-theme-color avia-multi-slideshow-button avia-slideshow-button-2' data-duration='800' data-easing='easeInOutQuad'>Kontakt<\/a><\/div><\/div><\/div><\/div><\/div><\/div><\/div>\n<div id='welcome'  class='av-layout-grid-container entry-content-wrapper main_color av-fixed-cells     avia-builder-el-1  el_after_av_fullscreen  el_before_av_layout_row  submenu-not-first container_wrap sidebar_right' style=' '  >\n<div class=\"flex_cell no_margin av_one_fourth  avia-builder-el-2  el_before_av_cell_one_fourth  avia-builder-el-first   av-zero-padding \"  style='height:15px; min-height:15px;vertical-align:top; padding:0px; background-color:#719430; ' ><div class='flex_cell_inner' ><\/div><\/div><div class=\"flex_cell no_margin av_one_fourth  avia-builder-el-3  el_after_av_cell_one_fourth  el_before_av_cell_one_fourth   av-zero-padding \"  style='height:15px; min-height:15px;vertical-align:top; padding:0px; background-color:#92bb46; ' ><div class='flex_cell_inner' ><\/div><\/div><div class=\"flex_cell no_margin av_one_fourth  avia-builder-el-4  el_after_av_cell_one_fourth  el_before_av_cell_one_fourth   av-zero-padding \"  style='height:15px; min-height:15px;vertical-align:top; padding:0px; background-color:#acd464; ' ><div class='flex_cell_inner' ><\/div><\/div><div class=\"flex_cell no_margin av_one_fourth  avia-builder-el-5  el_after_av_cell_one_fourth  avia-builder-el-last   av-zero-padding \"  style='height:15px; min-height:15px;vertical-align:top; padding:0px; background-color:#e1fbb2; ' ><div class='flex_cell_inner' ><\/div><\/div>\n<\/div>\n<div id='hello'  class='av-layout-grid-container entry-content-wrapper main_color av-flex-cells     avia-builder-el-6  el_after_av_layout_row  el_before_av_layout_row  submenu-not-first container_wrap sidebar_right' style=' '  >\n<div class=\"flex_cell no_margin av_one_half  avia-builder-el-7  el_before_av_cell_one_half  avia-builder-el-first   \"  style='vertical-align:top; padding:100px; ' ><div class='flex_cell_inner' ><p><div  style='padding-bottom:30px; font-size:70px;' class='av-special-heading av-special-heading-h2  blockquote modern-quote  avia-builder-el-8  el_before_av_textblock  avia-builder-el-first  av-inherit-size '><h2 class='av-special-heading-tag '  itemprop=\"headline\"  >Pari sanaa <u>meilt\u00e4<\/u><\/h2><div class='special-heading-border'><div class='special-heading-inner-border' ><\/div><\/div><\/div><br \/>\n<section class=\"av_textblock_section \"  itemscope=\"itemscope\" itemtype=\"https:\/\/schema.org\/CreativeWork\" ><div class='avia_textblock  '   itemprop=\"text\" ><p style=\"text-align: right;\">&#8211; Viherrakennus &#8211;<\/p>\n<p>Huolellinen suunnittelu varmistaa pihan toimivuuden sek\u00e4 viihtyvyyden pitk\u00e4lle tulevaisuuteen.<\/p>\n<p>Toiminnan vahvuutena ovat vahva ammattiylpeys ja vuosien my\u00f6t\u00e4 laajeneva kasvituntemus.<\/p>\n<p>Meilt\u00e4 l\u00f6yd\u00e4t viheralan ammattiapua kaikenlaisiin pihapulmiin.<\/p>\n<p>Hyvin tehty <strong>viherrakentaminen<\/strong> on kuin hyv\u00e4 sijoitus.\u00a0 Oikein tehtyn\u00e4 kiinteist\u00f6si arvo nousee tutkitusti, kun piha on hyvin laitettu ja kaunis katsella.<\/p>\n<p>Hyvin tehty viherrakentaminen on hyv\u00e4 perusta pihalle ja puutarhalle ja lis\u00e4\u00e4 my\u00f6s asumisviihtyvyytt\u00e4 vuosiksi eteenp\u00e4in.<\/p>\n<p>Viherrakentaminen liittyy olennaisesti kaikkeen kunnallistekniseen rakentamiseen, jonka ansiosta asuinymp\u00e4rist\u00f6n ja viheralueiden viihtyisyytt\u00e4, turvallisuutta ja arvokkuutta halutaan lis\u00e4t\u00e4.<\/p>\n<p>N\u00e4in pieni sijoitus pihan suunnittelussa tuottaa itsens\u00e4 takaisin kiinteist\u00f6n myynnin yhteydess\u00e4.<\/p>\n<p>Ammattilainen osaa ottaa huomioon my\u00f6s paljon seikkoja jotka vaikuttavat <strong>pihan huoltoon<\/strong> ja k\u00e4ytett\u00e4vyyteen.<\/p>\n<p>Jalostamme erilaiset pihaunelmat selkeiksi suunnitelmiksi ja tarvittaessa toteutamme ne. Ty\u00f6n laadukkaasta toteuttamisesta huolehditaan ensimm\u00e4isist\u00e4 vaiheista aina viimeistelyt\u00f6ihin asti.<\/p>\n<p><strong>Pihakivetys ja katukivetykset<\/strong> kuuluvat my\u00f6s palveluihimme.<\/p>\n<p>Monipuolista suunnittelukokemusta on kertynyt jo yli\u00a015 vuoden ajalta.<\/p>\n<p><strong><a href=\"https:\/\/aiakaar.ee\/fi\/yhteystiedot\/\">Ota yhteytt\u00e4<\/a><\/strong>, niin r\u00e4\u00e4t\u00e4l\u00f6id\u00e4\u00e4n sinulle sopiva palvelukokonaisuus. Vihre\u00e4n tekeminen on meill\u00e4 veriss\u00e4!<\/p>\n<p><strong>Pyyd\u00e4 tarjous koko pihan viherrakennust\u00f6ist\u00e4 tai jonkin osa-alueen toteutuksesta.<\/strong><\/p>\n<h2 style=\"text-align: center;\"><img loading=\"lazy\" decoding=\"async\" class=\"alignnone size-full wp-image-351\" src=\"https:\/\/aiakaar.ee\/wp-content\/uploads\/2016\/05\/marker.png\" alt=\"Viherrakennus\" width=\"61\" height=\"68\" \/>&#8211; Viherrakennus &#8211;<\/h2>\n<\/div><\/section><\/p>\n<\/div><\/div><div class=\"flex_cell no_margin av_one_half  avia-builder-el-10  el_after_av_cell_one_half  avia-builder-el-last   avia-full-stretch \"  style='background:url(https:\/\/aiakaar.ee\/wp-content\/uploads\/2016\/05\/woman-enjoying-nature-outdoors-m-1-845x684.jpg) center right no-repeat scroll; vertical-align:top; padding:100px; background-color:#719430; ' ><div class='flex_cell_inner' ><p><div  style='padding-bottom:30px; color:#ffffff;font-size:70px;' class='av-special-heading av-special-heading-h2 custom-color-heading blockquote modern-quote  avia-builder-el-11  el_before_av_contact  avia-builder-el-first  av-inherit-size '><h2 class='av-special-heading-tag '  itemprop=\"headline\"  > Ota yhteytt\u00e4 !<\/h2><div class='special-heading-border'><div class='special-heading-inner-border' style='border-color:#ffffff'><\/div><\/div><\/div><br \/>\n<form action=\"https:\/\/aiakaar.ee\/fi\/\" method=\"post\"  class=\"avia_ajax_form av-form-labels-visible   avia-builder-el-12  el_after_av_heading  avia-builder-el-last   \" data-avia-form-id=\"1\" data-avia-redirect='' ><fieldset><p class='  first_form  form_element form_fullwidth' id='element_avia_1_1'><label for=\"avia_1_1\">Nimi <abbr class=\"required\" title=\"required\">*<\/abbr><\/label> <input name=\"avia_1_1\" class=\"text_input is_empty\" type=\"text\" id=\"avia_1_1\" value=\"\" \/><\/p><p class='  first_form  form_element form_fullwidth' id='element_avia_2_1'><label for=\"avia_2_1\">E-post <abbr class=\"required\" title=\"required\">*<\/abbr><\/label> <input name=\"avia_2_1\" class=\"text_input is_email\" type=\"text\" id=\"avia_2_1\" value=\"\" \/><\/p><p class='  first_form  form_element form_fullwidth' id='element_avia_3_1'><label for=\"avia_3_1\">Teema <abbr class=\"required\" title=\"required\">*<\/abbr><\/label> <input name=\"avia_3_1\" class=\"text_input is_empty\" type=\"text\" id=\"avia_3_1\" value=\"\" \/><\/p><p class='  first_form  form_element form_fullwidth' id='element_avia_4_1'><label for=\"avia_4_1\" class=\"textare_label hidden textare_label_avia_4_1\">Viesti <abbr class=\"required\" title=\"required\">*<\/abbr><\/label><textarea  name=\"avia_4_1\" class=\"text_area is_empty\" cols=\"40\" rows=\"7\" id=\"avia_4_1\" ><\/textarea><\/p><p class=\"hidden\"><input type=\"text\" name=\"avia_5_1\" class=\"hidden \" id=\"avia_5_1\" value=\"\" \/><\/p><div id='avia_6_1' class='av-recaptcha-area  first_form  form_element form_fullwidth '  data-container_class=\"\" data-custom_class=\"\" data-context=\"av_contact_form\" data-token_input=\"av_recaptcha_token\" data-version=\"avia_recaptcha_v2\" data-theme=\"light\" data-size=\"normal\" data-score=\"0.5\" data-text_to_preview=\"\" data-value=\"\"><div class=\"av-google-badge-message hidden\">This site is protected by reCAPTCHA and the Google <a href=\"https:\/\/policies.google.com\/privacy\">Privacy Policy<\/a> and <a href=\"https:\/\/policies.google.com\/terms\">Terms of Service<\/a> apply.<\/div><\/div><p class=\"form_element \"><input type=\"hidden\" value=\"1\" name=\"avia_generated_form1\" \/><input type=\"submit\" value=\"L\u00e4hett\u00e4\u00e4\" class=\"button\"  data-sending-label=\"Sending\"\/><\/p><\/fieldset><div class=\"avia-disabled-form\">This contact form is deactivated because you refused to accept Google reCaptcha service which is necessary to validate any messages sent by the form.<\/div><\/form><div id=\"ajaxresponse_1\" class=\"ajaxresponse ajaxresponse_1 hidden\"><\/div><\/p>\n<\/div><\/div><\/div><div id='welcome'  class='av-layout-grid-container entry-content-wrapper main_color av-fixed-cells     avia-builder-el-13  el_after_av_layout_row  avia-builder-el-last  submenu-not-first container_wrap sidebar_right' style=' '  >\n<div class=\"flex_cell no_margin av_one_fourth  avia-builder-el-14  el_before_av_cell_one_fourth  avia-builder-el-first   av-zero-padding \"  style='height:15px; min-height:15px;vertical-align:top; padding:0px; background-color:#719430; ' ><div class='flex_cell_inner' ><\/div><\/div><div class=\"flex_cell no_margin av_one_fourth  avia-builder-el-15  el_after_av_cell_one_fourth  el_before_av_cell_one_fourth   av-zero-padding \"  style='height:15px; min-height:15px;vertical-align:top; padding:0px; background-color:#92bb46; ' ><div class='flex_cell_inner' ><\/div><\/div><div class=\"flex_cell no_margin av_one_fourth  avia-builder-el-16  el_after_av_cell_one_fourth  el_before_av_cell_one_fourth   av-zero-padding \"  style='height:15px; min-height:15px;vertical-align:top; padding:0px; background-color:#acd464; ' ><div class='flex_cell_inner' ><\/div><\/div><div class=\"flex_cell no_margin av_one_fourth  avia-builder-el-17  el_after_av_cell_one_fourth  avia-builder-el-last   av-zero-padding \"  style='height:15px; min-height:15px;vertical-align:top; padding:0px; background-color:#e1fbb2; ' ><div class='flex_cell_inner' ><\/div><\/div>\n<\/div><\/p>\n","protected":false},"excerpt":{"rendered":"","protected":false},"author":1,"featured_media":0,"parent":0,"menu_order":0,"comment_status":"closed","ping_status":"closed","template":"","meta":{"footnotes":""},"class_list":["post-615","page","type-page","status-publish","hentry"],"yoast_head":"<!-- This site is optimized with the Yoast SEO plugin v26.6 - https:\/\/yoast.com\/wordpress\/plugins\/seo\/ -->\n<title>Viherrakennus - Aiakaar - Haljastus Tallinnas Pirital Haabneemes<\/title>\n<meta name=\"description\" content=\"Viherrakennus - Huolellinen suunnittelu varmistaa pihan toimivuuden sek\u00e4 viihtyvyyden pitk\u00e4lle tulevaisuuteen. Pyyd\u00e4 tarjous koko pihan viherrakennust\u00f6ist\u00e4\" \/>\n<meta name=\"robots\" content=\"index, follow, max-snippet:-1, max-image-preview:large, max-video-preview:-1\" \/>\n<link rel=\"canonical\" href=\"https:\/\/aiakaar.ee\/viherrakennus\/\" \/>\n<meta property=\"og:locale\" content=\"fi_FI\" \/>\n<meta property=\"og:type\" content=\"article\" \/>\n<meta property=\"og:title\" content=\"Viherrakennus - Aiakaar - Haljastus Tallinnas Pirital Haabneemes\" \/>\n<meta property=\"og:description\" content=\"Viherrakennus - Huolellinen suunnittelu varmistaa pihan toimivuuden sek\u00e4 viihtyvyyden pitk\u00e4lle tulevaisuuteen. Pyyd\u00e4 tarjous koko pihan viherrakennust\u00f6ist\u00e4\" \/>\n<meta property=\"og:url\" content=\"https:\/\/aiakaar.ee\/viherrakennus\/\" \/>\n<meta property=\"og:site_name\" content=\"Aiakaar - Haljastus Tallinnas Pirital Haabneemes\" \/>\n<meta property=\"article:modified_time\" content=\"2022-03-23T15:00:48+00:00\" \/>\n<meta property=\"og:image\" content=\"https:\/\/aiakaar.ee\/wp-content\/uploads\/2016\/05\/marker.png\" \/>\n<meta name=\"twitter:card\" content=\"summary_large_image\" \/>\n<meta name=\"twitter:label1\" content=\"Arvioitu lukuaika\" \/>\n\t<meta name=\"twitter:data1\" content=\"3 minuuttia\" \/>\n<script type=\"application\/ld+json\" class=\"yoast-schema-graph\">{\"@context\":\"https:\/\/schema.org\",\"@graph\":[{\"@type\":\"WebPage\",\"@id\":\"https:\/\/aiakaar.ee\/viherrakennus\/\",\"url\":\"https:\/\/aiakaar.ee\/viherrakennus\/\",\"name\":\"Viherrakennus - Aiakaar - Haljastus Tallinnas Pirital Haabneemes\",\"isPartOf\":{\"@id\":\"https:\/\/aiakaar.ee\/#website\"},\"primaryImageOfPage\":{\"@id\":\"https:\/\/aiakaar.ee\/viherrakennus\/#primaryimage\"},\"image\":{\"@id\":\"https:\/\/aiakaar.ee\/viherrakennus\/#primaryimage\"},\"thumbnailUrl\":\"https:\/\/aiakaar.ee\/wp-content\/uploads\/2016\/05\/marker.png\",\"datePublished\":\"2016-05-19T17:13:20+00:00\",\"dateModified\":\"2022-03-23T15:00:48+00:00\",\"description\":\"Viherrakennus - Huolellinen suunnittelu varmistaa pihan toimivuuden sek\u00e4 viihtyvyyden pitk\u00e4lle tulevaisuuteen. Pyyd\u00e4 tarjous koko pihan viherrakennust\u00f6ist\u00e4\",\"breadcrumb\":{\"@id\":\"https:\/\/aiakaar.ee\/viherrakennus\/#breadcrumb\"},\"inLanguage\":\"fi\",\"potentialAction\":[{\"@type\":\"ReadAction\",\"target\":[\"https:\/\/aiakaar.ee\/viherrakennus\/\"]}]},{\"@type\":\"ImageObject\",\"inLanguage\":\"fi\",\"@id\":\"https:\/\/aiakaar.ee\/viherrakennus\/#primaryimage\",\"url\":\"https:\/\/aiakaar.ee\/wp-content\/uploads\/2016\/05\/marker.png\",\"contentUrl\":\"https:\/\/aiakaar.ee\/wp-content\/uploads\/2016\/05\/marker.png\"},{\"@type\":\"BreadcrumbList\",\"@id\":\"https:\/\/aiakaar.ee\/viherrakennus\/#breadcrumb\",\"itemListElement\":[{\"@type\":\"ListItem\",\"position\":1,\"name\":\"Home\",\"item\":\"https:\/\/aiakaar.ee\/viherrakennus\/\"},{\"@type\":\"ListItem\",\"position\":2,\"name\":\"Viherrakennus\"}]},{\"@type\":\"WebSite\",\"@id\":\"https:\/\/aiakaar.ee\/#website\",\"url\":\"https:\/\/aiakaar.ee\/\",\"name\":\"Aiakaar - Haljastus Tallinnas Pirital Haabneemes\",\"description\":\"Haljastus\",\"potentialAction\":[{\"@type\":\"SearchAction\",\"target\":{\"@type\":\"EntryPoint\",\"urlTemplate\":\"https:\/\/aiakaar.ee\/?s={search_term_string}\"},\"query-input\":{\"@type\":\"PropertyValueSpecification\",\"valueRequired\":true,\"valueName\":\"search_term_string\"}}],\"inLanguage\":\"fi\"}]}<\/script>\n<!-- \/ Yoast SEO plugin. -->","yoast_head_json":{"title":"Viherrakennus - Aiakaar - Haljastus Tallinnas Pirital Haabneemes","description":"Viherrakennus - Huolellinen suunnittelu varmistaa pihan toimivuuden sek\u00e4 viihtyvyyden pitk\u00e4lle tulevaisuuteen. Pyyd\u00e4 tarjous koko pihan viherrakennust\u00f6ist\u00e4","robots":{"index":"index","follow":"follow","max-snippet":"max-snippet:-1","max-image-preview":"max-image-preview:large","max-video-preview":"max-video-preview:-1"},"canonical":"https:\/\/aiakaar.ee\/viherrakennus\/","og_locale":"fi_FI","og_type":"article","og_title":"Viherrakennus - Aiakaar - Haljastus Tallinnas Pirital Haabneemes","og_description":"Viherrakennus - Huolellinen suunnittelu varmistaa pihan toimivuuden sek\u00e4 viihtyvyyden pitk\u00e4lle tulevaisuuteen. Pyyd\u00e4 tarjous koko pihan viherrakennust\u00f6ist\u00e4","og_url":"https:\/\/aiakaar.ee\/viherrakennus\/","og_site_name":"Aiakaar - Haljastus Tallinnas Pirital Haabneemes","article_modified_time":"2022-03-23T15:00:48+00:00","og_image":[{"url":"https:\/\/aiakaar.ee\/wp-content\/uploads\/2016\/05\/marker.png","type":"","width":"","height":""}],"twitter_card":"summary_large_image","twitter_misc":{"Arvioitu lukuaika":"3 minuuttia"},"schema":{"@context":"https:\/\/schema.org","@graph":[{"@type":"WebPage","@id":"https:\/\/aiakaar.ee\/viherrakennus\/","url":"https:\/\/aiakaar.ee\/viherrakennus\/","name":"Viherrakennus - Aiakaar - Haljastus Tallinnas Pirital Haabneemes","isPartOf":{"@id":"https:\/\/aiakaar.ee\/#website"},"primaryImageOfPage":{"@id":"https:\/\/aiakaar.ee\/viherrakennus\/#primaryimage"},"image":{"@id":"https:\/\/aiakaar.ee\/viherrakennus\/#primaryimage"},"thumbnailUrl":"https:\/\/aiakaar.ee\/wp-content\/uploads\/2016\/05\/marker.png","datePublished":"2016-05-19T17:13:20+00:00","dateModified":"2022-03-23T15:00:48+00:00","description":"Viherrakennus - Huolellinen suunnittelu varmistaa pihan toimivuuden sek\u00e4 viihtyvyyden pitk\u00e4lle tulevaisuuteen. Pyyd\u00e4 tarjous koko pihan viherrakennust\u00f6ist\u00e4","breadcrumb":{"@id":"https:\/\/aiakaar.ee\/viherrakennus\/#breadcrumb"},"inLanguage":"fi","potentialAction":[{"@type":"ReadAction","target":["https:\/\/aiakaar.ee\/viherrakennus\/"]}]},{"@type":"ImageObject","inLanguage":"fi","@id":"https:\/\/aiakaar.ee\/viherrakennus\/#primaryimage","url":"https:\/\/aiakaar.ee\/wp-content\/uploads\/2016\/05\/marker.png","contentUrl":"https:\/\/aiakaar.ee\/wp-content\/uploads\/2016\/05\/marker.png"},{"@type":"BreadcrumbList","@id":"https:\/\/aiakaar.ee\/viherrakennus\/#breadcrumb","itemListElement":[{"@type":"ListItem","position":1,"name":"Home","item":"https:\/\/aiakaar.ee\/viherrakennus\/"},{"@type":"ListItem","position":2,"name":"Viherrakennus"}]},{"@type":"WebSite","@id":"https:\/\/aiakaar.ee\/#website","url":"https:\/\/aiakaar.ee\/","name":"Aiakaar - Haljastus Tallinnas Pirital Haabneemes","description":"Haljastus","potentialAction":[{"@type":"SearchAction","target":{"@type":"EntryPoint","urlTemplate":"https:\/\/aiakaar.ee\/?s={search_term_string}"},"query-input":{"@type":"PropertyValueSpecification","valueRequired":true,"valueName":"search_term_string"}}],"inLanguage":"fi"}]}},"_links":{"self":[{"href":"https:\/\/aiakaar.ee\/fi\/wp-json\/wp\/v2\/pages\/615","targetHints":{"allow":["GET"]}}],"collection":[{"href":"https:\/\/aiakaar.ee\/fi\/wp-json\/wp\/v2\/pages"}],"about":[{"href":"https:\/\/aiakaar.ee\/fi\/wp-json\/wp\/v2\/types\/page"}],"author":[{"embeddable":true,"href":"https:\/\/aiakaar.ee\/fi\/wp-json\/wp\/v2\/users\/1"}],"replies":[{"embeddable":true,"href":"https:\/\/aiakaar.ee\/fi\/wp-json\/wp\/v2\/comments?post=615"}],"version-history":[{"count":20,"href":"https:\/\/aiakaar.ee\/fi\/wp-json\/wp\/v2\/pages\/615\/revisions"}],"predecessor-version":[{"id":2413,"href":"https:\/\/aiakaar.ee\/fi\/wp-json\/wp\/v2\/pages\/615\/revisions\/2413"}],"wp:attachment":[{"href":"https:\/\/aiakaar.ee\/fi\/wp-json\/wp\/v2\/media?parent=615"}],"curies":[{"name":"wp","href":"https:\/\/api.w.org\/{rel}","templated":true}]}}