{"id":628,"date":"2017-10-24T16:03:45","date_gmt":"2017-10-24T13:03:45","guid":{"rendered":"http:\/\/aiakaar.ee\/fi\/haljastus\/"},"modified":"2019-03-06T12:38:00","modified_gmt":"2019-03-06T10:38:00","slug":"viherrakentaminen","status":"publish","type":"page","link":"https:\/\/aiakaar.ee\/fi\/viherrakentaminen\/","title":{"rendered":"Viherrakentaminen"},"content":{"rendered":"<div id='welcome'  class='av-layout-grid-container entry-content-wrapper main_color av-fixed-cells     avia-builder-el-0  el_before_av_layout_row  avia-builder-el-first  container_wrap sidebar_right' style=' '  >\n<div class=\"flex_cell no_margin av_one_fourth  avia-builder-el-1  el_before_av_cell_one_fourth  avia-builder-el-first   av-zero-padding \"  style='height:15px; min-height:15px;vertical-align:top; padding:0px; background-color:#719430; ' ><div class='flex_cell_inner' ><\/div><\/div><div class=\"flex_cell no_margin av_one_fourth  avia-builder-el-2  el_after_av_cell_one_fourth  el_before_av_cell_one_fourth   av-zero-padding \"  style='height:15px; min-height:15px;vertical-align:top; padding:0px; background-color:#92bb46; ' ><div class='flex_cell_inner' ><\/div><\/div><div class=\"flex_cell no_margin av_one_fourth  avia-builder-el-3  el_after_av_cell_one_fourth  el_before_av_cell_one_fourth   av-zero-padding \"  style='height:15px; min-height:15px;vertical-align:top; padding:0px; background-color:#acd464; ' ><div class='flex_cell_inner' ><\/div><\/div><div class=\"flex_cell no_margin av_one_fourth  avia-builder-el-4  el_after_av_cell_one_fourth  avia-builder-el-last   av-zero-padding \"  style='height:15px; min-height:15px;vertical-align:top; padding:0px; background-color:#e1fbb2; ' ><div class='flex_cell_inner' ><\/div><\/div>\n<\/div>\n<div id='hello'  class='av-layout-grid-container entry-content-wrapper main_color av-flex-cells     avia-builder-el-5  el_after_av_layout_row  el_before_av_layout_row  submenu-not-first container_wrap sidebar_right' style=' '  >\n<div class=\"flex_cell no_margin av_two_third  avia-builder-el-6  el_before_av_cell_one_third  avia-builder-el-first   \"  style='vertical-align:top; padding:60px 100px 100px 100px ; ' ><div class='flex_cell_inner' ><p><div  style='padding-bottom:30px; font-size:70px;' class='av-special-heading av-special-heading-h1  blockquote modern-quote  avia-builder-el-7  el_before_av_textblock  avia-builder-el-first  av-inherit-size '><h1 class='av-special-heading-tag '  itemprop=\"headline\"  >Viherrakentaminen<\/h1><div class='special-heading-border'><div class='special-heading-inner-border' ><\/div><\/div><\/div><br \/>\n<section class=\"av_textblock_section \"  itemscope=\"itemscope\" itemtype=\"https:\/\/schema.org\/CreativeWork\" ><div class='avia_textblock  '   itemprop=\"text\" ><p><strong>Huolellinen suunnittelu varmistaa pihan toimivuuden sek\u00e4 viihtyvyyden pitk\u00e4lle tulevaisuuteen.<\/strong><\/p>\n<p><a href=\"https:\/\/aiakaar.ee\/fi\/viherrakentaminen\/\"><strong>Viherrakentaminen<\/strong><\/a> liittyy olennaisesti kaikkeen kunnallistekniseen rakentamiseen, jonka ansiosta asuinymp\u00e4rist\u00f6n ja viheralueiden viihtyisyytt\u00e4, turvallisuutta ja arvokkuutta halutaan lis\u00e4t\u00e4.<\/p>\n<p>N\u00e4in pieni sijoitus pihan suunnittelussa tuottaa itsens\u00e4 takaisin kiinteist\u00f6n myynnin yhteydess\u00e4.<\/p>\n<p>Laadukas viherrakentaminen palkitsee\u00a0 Kun pihaan istutettu kasvillisuus on parasta saatavilla olevaa laatua, niin se n\u00e4kyy lopputuloksessa. Kerralla kuntoon laitettuna on pihaa ja puutarhaa helpompi hoitaa ja pit\u00e4\u00e4 siistin\u00e4 tulevina vuosina.<\/p>\n<p>Suunnittelun l\u00e4ht\u00f6kohtana ovat tilaajan toiveet, mutta my\u00f6s ymp\u00e4rist\u00f6n asettamat l\u00e4ht\u00f6kohdat.\u00a0 <strong>Pihasuunnittelun<\/strong> ensisijainen etu on, ett\u00e4 puutarhan ja pihan rakentaminen nopeutuu ja pihasuunnittelu tarkentaa valmistelut\u00f6it\u00e4 tee pihasi ammattilaisen avulla.<\/p>\n<p>Ammattilainen osaa ottaa huomioon my\u00f6s paljon seikkoja jotka vaikuttavat pihan huoltoon ja k\u00e4ytett\u00e4vyyteen.<\/p>\n<p>Pihasuunnittelu ratkaisee my\u00f6s tulevan pihan hoitotarpeen. Ty\u00f6n laadukkaasta toteuttamisesta huolehditaan ensimm\u00e4isist\u00e4 vaiheista aina viimeistelyt\u00f6ihin asti.\u00a0Paras lopputulos saadaan yhteisty\u00f6ss\u00e4 kaikkien rakentamisen osapuolten kanssa.<\/p>\n<p>Pyyd\u00e4 tarjous koko pihan viherrakennust\u00f6ist\u00e4 tai jonkin osa-alueen toteutuksesta.<\/p>\n<p><strong>Teemme seuraavia viherrakennust\u00f6it\u00e4:<\/strong><\/p>\n<ul>\n<li style=\"list-style-type: none;\">\n<ul>\n<li>nurmikot, kylv\u00f6- ja siirtonurmikot sek\u00e4 paikkaukset<\/li>\n<li>istutukset taimineen, puut, pensaat, havut, perennat, sipulit ja kes\u00e4kukat<\/li>\n<li>m\u00e4nnynkuori- ja sorakatteet<\/li>\n<li>hoitoleikkaukset<\/li>\n<li>maanparannukset<\/li>\n<li>lannoitukset<\/li>\n<li>kasvinsuojeluty\u00f6t<\/li>\n<li>pihakiveykset ja \u2013laatoitukset<\/li>\n<li>viheralueiden hoitoty\u00f6t<\/li>\n<li>talvisuojaukset<\/li>\n<li>kaivinkone- ja maansiirtoty\u00f6t<\/li>\n<li>Pihakivetys ja katukivetykset<\/li>\n<li>puuty\u00f6t: terassit, patiot, pergolat ja aidat<\/li>\n<\/ul>\n<p>Ty\u00f6n laadukkaasta toteuttamisesta huolehditaan ensimm\u00e4isist\u00e4 vaiheista aina viimeistelyt\u00f6ihin asti.\u00a0Olipa projektisi pieni tai suuri, autamme mielell\u00e4mme.<\/p>\n<p>Maa- ja viherrakennust\u00f6ist\u00e4 syntyv\u00e4 kokonaisuus on p\u00e4\u00e4toimialamme.<\/p>\n<h2 style=\"text-align: center;\"><img loading=\"lazy\" decoding=\"async\" class=\"alignnone size-full wp-image-351\" src=\"https:\/\/aiakaar.ee\/wp-content\/uploads\/2016\/05\/marker.png\" alt=\"Viherrakentaminen\" width=\"61\" height=\"68\" \/>&#8211; Viherrakentaminen &#8211;<\/h2>\n<\/li>\n<\/ul>\n<\/div><\/section><\/p>\n<\/div><\/div><div class=\"flex_cell no_margin av_one_third  avia-builder-el-9  el_after_av_cell_two_third  avia-builder-el-last   avia-full-stretch \"  style='background:url(https:\/\/aiakaar.ee\/wp-content\/uploads\/2016\/05\/healthy-lifestyle-m-1030x687.jpg) center right no-repeat scroll; vertical-align:top; padding:100px; ' ><div class='flex_cell_inner' ><p><div  style='padding-bottom:10px; color:#ffffff;font-size:50px;' class='av-special-heading av-special-heading-h2 custom-color-heading blockquote modern-quote modern-centered  avia-builder-el-10  el_before_av_sidebar  avia-builder-el-first  av-inherit-size '><h2 class='av-special-heading-tag '  itemprop=\"headline\"  >Lis\u00e4ksi tarjoamme<\/h2><div class='special-heading-border'><div class='special-heading-inner-border' style='border-color:#ffffff'><\/div><\/div><\/div><br \/>\n<div  class='avia-builder-widget-area clearfix  avia-builder-el-11  el_after_av_heading  avia-builder-el-last '><div id=\"nav_menu-6\" class=\"widget clearfix widget_nav_menu\"><div class=\"menu-haljastus_fin-container\"><ul id=\"menu-haljastus_fin\" class=\"menu\"><li id=\"menu-item-814\" class=\"menu-item menu-item-type-post_type menu-item-object-page menu-item-814\"><a href=\"https:\/\/aiakaar.ee\/fi\/maisemasuunnittelu\/\">Maisemasuunnittelu<\/a><\/li>\n<\/ul><\/div><\/div><\/div><\/p>\n<\/div><\/div><\/div><div id='welcome'  class='av-layout-grid-container entry-content-wrapper main_color av-fixed-cells     avia-builder-el-12  el_after_av_layout_row  el_before_av_section  submenu-not-first container_wrap sidebar_right' style=' '  >\n<div class=\"flex_cell no_margin av_one_fourth  avia-builder-el-13  el_before_av_cell_one_fourth  avia-builder-el-first   av-zero-padding \"  style='height:15px; min-height:15px;vertical-align:top; padding:0px; background-color:#719430; ' ><div class='flex_cell_inner' ><\/div><\/div><div class=\"flex_cell no_margin av_one_fourth  avia-builder-el-14  el_after_av_cell_one_fourth  el_before_av_cell_one_fourth   av-zero-padding \"  style='height:15px; min-height:15px;vertical-align:top; padding:0px; background-color:#92bb46; ' ><div class='flex_cell_inner' ><\/div><\/div><div class=\"flex_cell no_margin av_one_fourth  avia-builder-el-15  el_after_av_cell_one_fourth  el_before_av_cell_one_fourth   av-zero-padding \"  style='height:15px; min-height:15px;vertical-align:top; padding:0px; background-color:#acd464; ' ><div class='flex_cell_inner' ><\/div><\/div><div class=\"flex_cell no_margin av_one_fourth  avia-builder-el-16  el_after_av_cell_one_fourth  avia-builder-el-last   av-zero-padding \"  style='height:15px; min-height:15px;vertical-align:top; padding:0px; background-color:#e1fbb2; ' ><div class='flex_cell_inner' ><\/div><\/div>\n<\/div><\/p>\n<div id='av_section_1'  class='avia-section alternate_color avia-section-huge avia-no-border-styling  avia-full-stretch av-section-color-overlay-active avia-bg-style-fixed  avia-builder-el-17  el_after_av_layout_row  avia-builder-el-last   container_wrap sidebar_right' style='background-repeat: no-repeat; background-image: url(https:\/\/aiakaar.ee\/wp-content\/uploads\/2016\/05\/haljastus2.jpg);background-attachment: fixed; background-position: center center;  '  data-section-bg-repeat='stretch'><div class='av-section-color-overlay-wrap'><div class='av-section-color-overlay' style='opacity: 0.6; background-color: #000000; '><\/div><div class='container' ><div class='template-page content  av-content-small alpha units'><div class='post-entry post-entry-type-page post-entry-628'><div class='entry-content-wrapper clearfix'>\n<div class=\"flex_column av_one_fifth  flex_column_div av-zero-column-padding first  avia-builder-el-18  el_before_av_three_fifth  avia-builder-el-first  \" style='border-radius:0px; '><\/div><div class=\"flex_column av_three_fifth  flex_column_div av-zero-column-padding   avia-builder-el-19  el_after_av_one_fifth  el_before_av_one_fifth  \" style='border-radius:0px; '><p><div  style='padding-bottom:20px; font-size:50px;' class='av-special-heading av-special-heading-h2  blockquote modern-quote modern-centered  avia-builder-el-20  el_before_av_hr  avia-builder-el-first  av-inherit-size '><h2 class='av-special-heading-tag '  itemprop=\"headline\"  >Ota yhteytt\u00e4<\/h2><div class='special-heading-border'><div class='special-heading-inner-border' ><\/div><\/div><\/div><br \/>\n<div  style='height:20px' class='hr hr-invisible   avia-builder-el-21  el_after_av_heading  el_before_av_button '><span class='hr-inner ' ><span class='hr-inner-style'><\/span><\/span><\/div><br \/>\n<div  class='avia-button-wrap avia-button-center  avia-builder-el-22  el_after_av_hr  avia-builder-el-last ' ><a href='https:\/\/aiakaar.ee\/fi\/yhteystiedot\/'  class='avia-button av-icon-on-hover avia-color-light   avia-icon_select-yes-right-icon avia-size-large avia-position-center '   ><span class='avia_iconbox_title' >Katso<\/span><span class='avia_button_icon avia_button_icon_right' aria-hidden='true' data-av_icon='\ue879' data-av_iconfont='entypo-fontello'><\/span><\/a><\/div><\/p><\/div><div class=\"flex_column av_one_fifth  flex_column_div av-zero-column-padding   avia-builder-el-23  el_after_av_three_fifth  avia-builder-el-last  \" style='border-radius:0px; '><\/div>\n<\/div><\/div><\/div><!-- close content main div --><\/div><\/div><\/div><div id='after_section_1'  class='main_color av_default_container_wrap container_wrap sidebar_right' style=' '  ><div class='container' ><div class='template-page content  av-content-small alpha units'><div class='post-entry post-entry-type-page post-entry-628'><div class='entry-content-wrapper clearfix'>\n","protected":false},"excerpt":{"rendered":"","protected":false},"author":1,"featured_media":2154,"parent":0,"menu_order":2,"comment_status":"closed","ping_status":"closed","template":"","meta":{"footnotes":""},"class_list":["post-628","page","type-page","status-publish","has-post-thumbnail","hentry"],"yoast_head":"<!-- This site is optimized with the Yoast SEO plugin v26.6 - https:\/\/yoast.com\/wordpress\/plugins\/seo\/ -->\n<title>Viherrakentaminen - Aiakaar - Haljastus Tallinnas Pirital Haabneemes<\/title>\n<meta name=\"description\" content=\"Viherrakentaminen - Ammattilainen osaa ottaa huomioon my\u00f6s paljon seikkoja jotka vaikuttavat pihan huoltoon ja k\u00e4ytett\u00e4vyyteen. viherrakennusty\u00f6 on kuin...\" \/>\n<meta name=\"robots\" content=\"index, follow, max-snippet:-1, max-image-preview:large, max-video-preview:-1\" \/>\n<link rel=\"canonical\" href=\"https:\/\/aiakaar.ee\/viherrakentaminen\/\" \/>\n<meta property=\"og:locale\" content=\"fi_FI\" \/>\n<meta property=\"og:type\" content=\"article\" \/>\n<meta property=\"og:title\" content=\"Viherrakentaminen - Aiakaar - Haljastus Tallinnas Pirital Haabneemes\" \/>\n<meta property=\"og:description\" content=\"Viherrakentaminen - Ammattilainen osaa ottaa huomioon my\u00f6s paljon seikkoja jotka vaikuttavat pihan huoltoon ja k\u00e4ytett\u00e4vyyteen. viherrakennusty\u00f6 on kuin...\" \/>\n<meta property=\"og:url\" content=\"https:\/\/aiakaar.ee\/viherrakentaminen\/\" \/>\n<meta property=\"og:site_name\" content=\"Aiakaar - Haljastus Tallinnas Pirital Haabneemes\" \/>\n<meta property=\"article:modified_time\" content=\"2019-03-06T10:38:00+00:00\" \/>\n<meta property=\"og:image\" content=\"https:\/\/aiakaar.ee\/wp-content\/uploads\/2016\/05\/haljastus2-1030x686.jpg\" \/>\n\t<meta property=\"og:image:width\" content=\"1030\" \/>\n\t<meta property=\"og:image:height\" content=\"686\" \/>\n\t<meta property=\"og:image:type\" content=\"image\/jpeg\" \/>\n<meta name=\"twitter:card\" content=\"summary_large_image\" \/>\n<meta name=\"twitter:label1\" content=\"Arvioitu lukuaika\" \/>\n\t<meta name=\"twitter:data1\" content=\"6 minuuttia\" \/>\n<script type=\"application\/ld+json\" class=\"yoast-schema-graph\">{\"@context\":\"https:\/\/schema.org\",\"@graph\":[{\"@type\":\"WebPage\",\"@id\":\"https:\/\/aiakaar.ee\/viherrakentaminen\/\",\"url\":\"https:\/\/aiakaar.ee\/viherrakentaminen\/\",\"name\":\"Viherrakentaminen - Aiakaar - Haljastus Tallinnas Pirital Haabneemes\",\"isPartOf\":{\"@id\":\"https:\/\/aiakaar.ee\/#website\"},\"primaryImageOfPage\":{\"@id\":\"https:\/\/aiakaar.ee\/viherrakentaminen\/#primaryimage\"},\"image\":{\"@id\":\"https:\/\/aiakaar.ee\/viherrakentaminen\/#primaryimage\"},\"thumbnailUrl\":\"https:\/\/aiakaar.ee\/wp-content\/uploads\/2016\/05\/haljastus2.jpg\",\"datePublished\":\"2017-10-24T13:03:45+00:00\",\"dateModified\":\"2019-03-06T10:38:00+00:00\",\"description\":\"Viherrakentaminen - Ammattilainen osaa ottaa huomioon my\u00f6s paljon seikkoja jotka vaikuttavat pihan huoltoon ja k\u00e4ytett\u00e4vyyteen. viherrakennusty\u00f6 on kuin...\",\"breadcrumb\":{\"@id\":\"https:\/\/aiakaar.ee\/viherrakentaminen\/#breadcrumb\"},\"inLanguage\":\"fi\",\"potentialAction\":[{\"@type\":\"ReadAction\",\"target\":[\"https:\/\/aiakaar.ee\/viherrakentaminen\/\"]}]},{\"@type\":\"ImageObject\",\"inLanguage\":\"fi\",\"@id\":\"https:\/\/aiakaar.ee\/viherrakentaminen\/#primaryimage\",\"url\":\"https:\/\/aiakaar.ee\/wp-content\/uploads\/2016\/05\/haljastus2.jpg\",\"contentUrl\":\"https:\/\/aiakaar.ee\/wp-content\/uploads\/2016\/05\/haljastus2.jpg\",\"width\":2000,\"height\":1333},{\"@type\":\"BreadcrumbList\",\"@id\":\"https:\/\/aiakaar.ee\/viherrakentaminen\/#breadcrumb\",\"itemListElement\":[{\"@type\":\"ListItem\",\"position\":1,\"name\":\"Home\",\"item\":\"https:\/\/aiakaar.ee\/viherrakennus\/\"},{\"@type\":\"ListItem\",\"position\":2,\"name\":\"Viherrakentaminen\"}]},{\"@type\":\"WebSite\",\"@id\":\"https:\/\/aiakaar.ee\/#website\",\"url\":\"https:\/\/aiakaar.ee\/\",\"name\":\"Aiakaar - Haljastus Tallinnas Pirital Haabneemes\",\"description\":\"Haljastus\",\"potentialAction\":[{\"@type\":\"SearchAction\",\"target\":{\"@type\":\"EntryPoint\",\"urlTemplate\":\"https:\/\/aiakaar.ee\/?s={search_term_string}\"},\"query-input\":{\"@type\":\"PropertyValueSpecification\",\"valueRequired\":true,\"valueName\":\"search_term_string\"}}],\"inLanguage\":\"fi\"}]}<\/script>\n<!-- \/ Yoast SEO plugin. -->","yoast_head_json":{"title":"Viherrakentaminen - Aiakaar - Haljastus Tallinnas Pirital Haabneemes","description":"Viherrakentaminen - Ammattilainen osaa ottaa huomioon my\u00f6s paljon seikkoja jotka vaikuttavat pihan huoltoon ja k\u00e4ytett\u00e4vyyteen. viherrakennusty\u00f6 on kuin...","robots":{"index":"index","follow":"follow","max-snippet":"max-snippet:-1","max-image-preview":"max-image-preview:large","max-video-preview":"max-video-preview:-1"},"canonical":"https:\/\/aiakaar.ee\/viherrakentaminen\/","og_locale":"fi_FI","og_type":"article","og_title":"Viherrakentaminen - Aiakaar - Haljastus Tallinnas Pirital Haabneemes","og_description":"Viherrakentaminen - Ammattilainen osaa ottaa huomioon my\u00f6s paljon seikkoja jotka vaikuttavat pihan huoltoon ja k\u00e4ytett\u00e4vyyteen. viherrakennusty\u00f6 on kuin...","og_url":"https:\/\/aiakaar.ee\/viherrakentaminen\/","og_site_name":"Aiakaar - Haljastus Tallinnas Pirital Haabneemes","article_modified_time":"2019-03-06T10:38:00+00:00","og_image":[{"width":1030,"height":686,"url":"https:\/\/aiakaar.ee\/wp-content\/uploads\/2016\/05\/haljastus2-1030x686.jpg","type":"image\/jpeg"}],"twitter_card":"summary_large_image","twitter_misc":{"Arvioitu lukuaika":"6 minuuttia"},"schema":{"@context":"https:\/\/schema.org","@graph":[{"@type":"WebPage","@id":"https:\/\/aiakaar.ee\/viherrakentaminen\/","url":"https:\/\/aiakaar.ee\/viherrakentaminen\/","name":"Viherrakentaminen - Aiakaar - Haljastus Tallinnas Pirital Haabneemes","isPartOf":{"@id":"https:\/\/aiakaar.ee\/#website"},"primaryImageOfPage":{"@id":"https:\/\/aiakaar.ee\/viherrakentaminen\/#primaryimage"},"image":{"@id":"https:\/\/aiakaar.ee\/viherrakentaminen\/#primaryimage"},"thumbnailUrl":"https:\/\/aiakaar.ee\/wp-content\/uploads\/2016\/05\/haljastus2.jpg","datePublished":"2017-10-24T13:03:45+00:00","dateModified":"2019-03-06T10:38:00+00:00","description":"Viherrakentaminen - Ammattilainen osaa ottaa huomioon my\u00f6s paljon seikkoja jotka vaikuttavat pihan huoltoon ja k\u00e4ytett\u00e4vyyteen. viherrakennusty\u00f6 on kuin...","breadcrumb":{"@id":"https:\/\/aiakaar.ee\/viherrakentaminen\/#breadcrumb"},"inLanguage":"fi","potentialAction":[{"@type":"ReadAction","target":["https:\/\/aiakaar.ee\/viherrakentaminen\/"]}]},{"@type":"ImageObject","inLanguage":"fi","@id":"https:\/\/aiakaar.ee\/viherrakentaminen\/#primaryimage","url":"https:\/\/aiakaar.ee\/wp-content\/uploads\/2016\/05\/haljastus2.jpg","contentUrl":"https:\/\/aiakaar.ee\/wp-content\/uploads\/2016\/05\/haljastus2.jpg","width":2000,"height":1333},{"@type":"BreadcrumbList","@id":"https:\/\/aiakaar.ee\/viherrakentaminen\/#breadcrumb","itemListElement":[{"@type":"ListItem","position":1,"name":"Home","item":"https:\/\/aiakaar.ee\/viherrakennus\/"},{"@type":"ListItem","position":2,"name":"Viherrakentaminen"}]},{"@type":"WebSite","@id":"https:\/\/aiakaar.ee\/#website","url":"https:\/\/aiakaar.ee\/","name":"Aiakaar - Haljastus Tallinnas Pirital Haabneemes","description":"Haljastus","potentialAction":[{"@type":"SearchAction","target":{"@type":"EntryPoint","urlTemplate":"https:\/\/aiakaar.ee\/?s={search_term_string}"},"query-input":{"@type":"PropertyValueSpecification","valueRequired":true,"valueName":"search_term_string"}}],"inLanguage":"fi"}]}},"_links":{"self":[{"href":"https:\/\/aiakaar.ee\/fi\/wp-json\/wp\/v2\/pages\/628","targetHints":{"allow":["GET"]}}],"collection":[{"href":"https:\/\/aiakaar.ee\/fi\/wp-json\/wp\/v2\/pages"}],"about":[{"href":"https:\/\/aiakaar.ee\/fi\/wp-json\/wp\/v2\/types\/page"}],"author":[{"embeddable":true,"href":"https:\/\/aiakaar.ee\/fi\/wp-json\/wp\/v2\/users\/1"}],"replies":[{"embeddable":true,"href":"https:\/\/aiakaar.ee\/fi\/wp-json\/wp\/v2\/comments?post=628"}],"version-history":[{"count":14,"href":"https:\/\/aiakaar.ee\/fi\/wp-json\/wp\/v2\/pages\/628\/revisions"}],"predecessor-version":[{"id":1950,"href":"https:\/\/aiakaar.ee\/fi\/wp-json\/wp\/v2\/pages\/628\/revisions\/1950"}],"wp:featuredmedia":[{"embeddable":true,"href":"https:\/\/aiakaar.ee\/fi\/wp-json\/wp\/v2\/media\/2154"}],"wp:attachment":[{"href":"https:\/\/aiakaar.ee\/fi\/wp-json\/wp\/v2\/media?parent=628"}],"curies":[{"name":"wp","href":"https:\/\/api.w.org\/{rel}","templated":true}]}}