{"id":644,"date":"2017-11-02T10:44:15","date_gmt":"2017-11-02T08:44:15","guid":{"rendered":"http:\/\/aiakaar.ee\/fi\/aiakujundus-projekteerimine\/"},"modified":"2025-04-16T22:15:20","modified_gmt":"2025-04-16T19:15:20","slug":"aiakujundus-projekteerimine","status":"publish","type":"page","link":"https:\/\/aiakaar.ee\/fi\/aiakujundus-projekteerimine\/","title":{"rendered":"Aiakujundus &#038; projekteerimine"},"content":{"rendered":"\n<p><\/p>\n\n\n<div id='welcome'  class='av-layout-grid-container entry-content-wrapper main_color av-fixed-cells     avia-builder-el-0  el_before_av_layout_row  avia-builder-el-first  container_wrap sidebar_right' style=' '  >\n<div class=\"flex_cell no_margin av_one_fourth  avia-builder-el-1  el_before_av_cell_one_fourth  avia-builder-el-first   av-zero-padding \"  style='height:15px; min-height:15px;vertical-align:top; padding:0px; background-color:#719430; ' ><div class='flex_cell_inner' ><\/div><\/div><div class=\"flex_cell no_margin av_one_fourth  avia-builder-el-2  el_after_av_cell_one_fourth  el_before_av_cell_one_fourth   av-zero-padding \"  style='height:15px; min-height:15px;vertical-align:top; padding:0px; background-color:#92bb46; ' ><div class='flex_cell_inner' ><\/div><\/div><div class=\"flex_cell no_margin av_one_fourth  avia-builder-el-3  el_after_av_cell_one_fourth  el_before_av_cell_one_fourth   av-zero-padding \"  style='height:15px; min-height:15px;vertical-align:top; padding:0px; background-color:#acd464; ' ><div class='flex_cell_inner' ><\/div><\/div><div class=\"flex_cell no_margin av_one_fourth  avia-builder-el-4  el_after_av_cell_one_fourth  avia-builder-el-last   av-zero-padding \"  style='height:15px; min-height:15px;vertical-align:top; padding:0px; background-color:#e1fbb2; ' ><div class='flex_cell_inner' ><\/div><\/div>\n<\/div>\n<div id='hello'  class='av-layout-grid-container entry-content-wrapper main_color av-flex-cells     avia-builder-el-5  el_after_av_layout_row  el_before_av_layout_row  submenu-not-first container_wrap sidebar_right' style=' '  >\n<div class=\"flex_cell no_margin av_two_third  avia-builder-el-6  el_before_av_cell_one_third  avia-builder-el-first   \"  style='vertical-align:top; padding:60px 100px 100px 100px ; ' ><div class='flex_cell_inner' ><p><div  style='padding-bottom:30px; font-size:70px;' class='av-special-heading av-special-heading-h1  blockquote modern-quote  avia-builder-el-7  el_before_av_textblock  avia-builder-el-first  av-inherit-size '><h1 class='av-special-heading-tag '  itemprop=\"headline\"  >Aiakujundus <span class='special_amp'>&amp;<\/span> projekteerimine<\/h1><div class='special-heading-border'><div class='special-heading-inner-border' ><\/div><\/div><\/div><br \/>\n<section class=\"av_textblock_section \"  itemscope=\"itemscope\" itemtype=\"https:\/\/schema.org\/CreativeWork\" ><div class='avia_textblock  '   itemprop=\"text\" ><p><strong>Eskiiside, haljastusplaanide- ja projektide koostamine. <\/strong><\/p>\n<p>Aia kujundamine sisaldab endas palju erinevaid etappe ja tegevusi. Harmoonilise ja h\u00e4sti t\u00f6\u00f6tava projekti (disaini) saavutamine n\u00f5uab korralikku ettevalmistust, l\u00e4bim\u00f5tlemist ning head koost\u00f6\u00f6d tellijaga.<\/p>\n<p>Meilt saab tellida haljastusprojekte v\u00f5i eskiislahendusi ning haljastuse rajamist.\u00a0<strong>Aia kujundamine<\/strong> sisaldab endas palju huvitavaid v\u00f5imalusi.\u00a0 Pakume erinevaid viise, et iga objekt saaks oman\u00e4oline ja v\u00f5imalikult tellija soovide kohane. Arvestame igihaljaste, heitlehiste ja p\u00fcsikute osat\u00e4htsust, et \u00f5ied ja lehev\u00e4rvid saaksid pakkuda kogu aeg uut ja vahelduvat.<\/p>\n<p>Kui alles plaanite aia rajamist, on m\u00f5istlik alustada aiaplaani rajajaga koost\u00f6\u00f6d juba varakult, sest kevadel on tavaliselt k\u00f5igil t\u00f6\u00f6d palju. Nii saab <strong>aiaplaan<\/strong> enne kevadet k\u00f5iki soove arvestades valmis ja kui maapind v\u00f5imaldab, saab juba hoogsalt alustada rajamist\u00f6\u00f6dega.<\/p>\n<p><strong>Haljastusprojekti koostamise t\u00f6\u00f6d ja joonised:<\/strong><\/p>\n<ul>\n<li>Rajatava aia k\u00fclastus ja v\u00f5imaluste hindamine, konsultatsioon. Tellija soovide kuulamine. Kokkuv\u00f5te t\u00e4htsamatest eesm\u00e4rkidest ja planeeritavatest t\u00f6\u00f6dest.<\/li>\n<li>Leping kliendiga projektlahenduse koostamiseks<\/li>\n<li>Aia m\u00f5\u00f5tmine ja t\u00e4htsamate elementide kaardistamine<\/li>\n<li>Aia anal\u00fc\u00fcsjoonisAiakujundus &#038; projekteerimine<\/li>\n<li>Funktsioonjoonis<\/li>\n<li>2-3 v\u00f5imalikku lahendust joonisel<\/li>\n<li>Taimeplaanid koos juhistega<\/li>\n<li>Valgustuse lahendus<\/li>\n<li>Kastmis\u00fcsteemi plaan<\/li>\n<li>Materjalide ja t\u00f6\u00f6de kalkulatsioon<\/li>\n<li>Valmis haljastusprojekti \u00fcleandmine<\/li>\n<\/ul>\n<p>V\u00f5imalus on tellida ka ainult eskiis v\u00f5i haljastusplaan.<\/p>\n<p><strong>Soovime kaasa aidata, et k\u00f5igi aiarajajate soovid t\u00e4ituksid.\u00a0<\/strong><\/p>\n<p><img loading=\"lazy\" decoding=\"async\" class=\"aligncenter wp-image-1316 size-full\" title=\"Aiakujundus &#038; projekteerimine\" src=\"http:\/\/aiakaar.ee\/wp-content\/uploads\/2017\/11\/Gardening.jpg\" alt=\"Aiakujundus &#038; projekteerimine\" width=\"1024\" height=\"656\" srcset=\"https:\/\/aiakaar.ee\/wp-content\/uploads\/2017\/11\/Gardening.jpg 1024w, https:\/\/aiakaar.ee\/wp-content\/uploads\/2017\/11\/Gardening-300x192.jpg 300w, https:\/\/aiakaar.ee\/wp-content\/uploads\/2017\/11\/Gardening-768x492.jpg 768w, https:\/\/aiakaar.ee\/wp-content\/uploads\/2017\/11\/Gardening-705x452.jpg 705w, https:\/\/aiakaar.ee\/wp-content\/uploads\/2017\/11\/Gardening-450x288.jpg 450w\" sizes=\"auto, (max-width: 1024px) 100vw, 1024px\" \/><\/p>\n<h2 style=\"text-align: center;\">&#8211; Aiakujundus &#038; projekteerimine &#8211;<\/h2>\n<\/div><\/section><br \/>\n<br \/>\n<div  class='avia-video avia-video-16-9   av-lazyload-immediate  av-lazyload-video-embed  '   itemprop=\"video\" itemtype=\"https:\/\/schema.org\/VideoObject\"  data-original_url='https:\/\/youtu.be\/N0Xfo36B-Ec' ><script type='text\/html' class='av-video-tmpl'><div class='avia-iframe-wrap'><iframe loading=\"lazy\" title=\"J\u00fcri Annist, inglise peenar (Kodusaade 07.08.2010)\" width=\"1333\" height=\"1000\" src=\"https:\/\/www.youtube.com\/embed\/N0Xfo36B-Ec?feature=oembed&autoplay=0&loop=0&controls=1&mute=0\" frameborder=\"0\" allow=\"accelerometer; autoplay; clipboard-write; encrypted-media; gyroscope; picture-in-picture; web-share\" referrerpolicy=\"strict-origin-when-cross-origin\" allowfullscreen><\/iframe><\/div><\/script><div class='av-click-to-play-overlay'><div class=\"avia_playpause_icon\"><\/div><\/div><\/div><\/p>\n<\/div><\/div><div class=\"flex_cell no_margin av_one_third  avia-builder-el-11  el_after_av_cell_two_third  avia-builder-el-last   avia-full-stretch \"  style='background:url(https:\/\/aiakaar.ee\/wp-content\/uploads\/2016\/05\/healthy-lifestyle-m-1030x687.jpg) center right no-repeat scroll; vertical-align:top; padding:100px; ' ><div class='flex_cell_inner' ><p><div  style='padding-bottom:10px; color:#ffffff;font-size:50px;' class='av-special-heading av-special-heading-h2 custom-color-heading blockquote modern-quote modern-centered  avia-builder-el-12  el_before_av_sidebar  avia-builder-el-first  av-inherit-size '><h2 class='av-special-heading-tag '  itemprop=\"headline\"  >Lisaks pakume<\/h2><div class='special-heading-border'><div class='special-heading-inner-border' style='border-color:#ffffff'><\/div><\/div><\/div><br \/>\n<div  class='avia-builder-widget-area clearfix  avia-builder-el-13  el_after_av_heading  avia-builder-el-last '><div id=\"nav_menu-2\" class=\"widget clearfix widget_nav_menu\"><div class=\"menu-haljastus_fin-container\"><ul id=\"menu-haljastus_fin\" class=\"menu\"><li id=\"menu-item-814\" class=\"menu-item menu-item-type-post_type menu-item-object-page menu-item-814\"><a href=\"https:\/\/aiakaar.ee\/fi\/maisemasuunnittelu\/\">Maisemasuunnittelu<\/a><\/li>\n<\/ul><\/div><\/div><\/div><\/p>\n<\/div><\/div><\/div><div id='welcome'  class='av-layout-grid-container entry-content-wrapper main_color av-fixed-cells     avia-builder-el-14  el_after_av_layout_row  el_before_av_section  submenu-not-first container_wrap sidebar_right' style=' '  >\n<div class=\"flex_cell no_margin av_one_fourth  avia-builder-el-15  el_before_av_cell_one_fourth  avia-builder-el-first   av-zero-padding \"  style='height:15px; min-height:15px;vertical-align:top; padding:0px; background-color:#719430; ' ><div class='flex_cell_inner' ><\/div><\/div><div class=\"flex_cell no_margin av_one_fourth  avia-builder-el-16  el_after_av_cell_one_fourth  el_before_av_cell_one_fourth   av-zero-padding \"  style='height:15px; min-height:15px;vertical-align:top; padding:0px; background-color:#92bb46; ' ><div class='flex_cell_inner' ><\/div><\/div><div class=\"flex_cell no_margin av_one_fourth  avia-builder-el-17  el_after_av_cell_one_fourth  el_before_av_cell_one_fourth   av-zero-padding \"  style='height:15px; min-height:15px;vertical-align:top; padding:0px; background-color:#acd464; ' ><div class='flex_cell_inner' ><\/div><\/div><div class=\"flex_cell no_margin av_one_fourth  avia-builder-el-18  el_after_av_cell_one_fourth  avia-builder-el-last   av-zero-padding \"  style='height:15px; min-height:15px;vertical-align:top; padding:0px; background-color:#e1fbb2; ' ><div class='flex_cell_inner' ><\/div><\/div>\n<\/div><\/p>\n<div id='av_section_1'  class='avia-section alternate_color avia-section-huge avia-no-border-styling  avia-full-stretch av-section-color-overlay-active avia-bg-style-fixed  avia-builder-el-19  el_after_av_layout_row  avia-builder-el-last   container_wrap sidebar_right' style='background-repeat: no-repeat; background-image: url(https:\/\/aiakaar.ee\/wp-content\/uploads\/2016\/05\/haljastus2.jpg);background-attachment: fixed; background-position: center center;  '  data-section-bg-repeat='stretch'><div class='av-section-color-overlay-wrap'><div class='av-section-color-overlay' style='opacity: 0.6; background-color: #000000; '><\/div><div class='container' ><div class='template-page content  av-content-small alpha units'><div class='post-entry post-entry-type-page post-entry-644'><div class='entry-content-wrapper clearfix'>\n<div class=\"flex_column av_one_fifth  flex_column_div av-zero-column-padding first  avia-builder-el-20  el_before_av_three_fifth  avia-builder-el-first  \" style='border-radius:0px; '><\/div><div class=\"flex_column av_three_fifth  flex_column_div av-zero-column-padding   avia-builder-el-21  el_after_av_one_fifth  el_before_av_one_fifth  \" style='border-radius:0px; '><p><div  style='padding-bottom:20px; font-size:50px;' class='av-special-heading av-special-heading-h2  blockquote modern-quote modern-centered  avia-builder-el-22  el_before_av_hr  avia-builder-el-first  av-inherit-size '><h2 class='av-special-heading-tag '  itemprop=\"headline\"  >V\u00f5tke meiega \u00fchendust<\/h2><div class='special-heading-border'><div class='special-heading-inner-border' ><\/div><\/div><\/div><br \/>\n<div  style='height:20px' class='hr hr-invisible   avia-builder-el-23  el_after_av_heading  el_before_av_button '><span class='hr-inner ' ><span class='hr-inner-style'><\/span><\/span><\/div><br \/>\n<div  class='avia-button-wrap avia-button-center  avia-builder-el-24  el_after_av_hr  avia-builder-el-last ' ><a href='https:\/\/aiakaar.ee\/google_maps\/'  class='avia-button av-icon-on-hover avia-color-light   avia-icon_select-yes-right-icon avia-size-large avia-position-center '   ><span class='avia_iconbox_title' >Kontakteeru<\/span><span class='avia_button_icon avia_button_icon_right' aria-hidden='true' data-av_icon='\ue879' data-av_iconfont='entypo-fontello'><\/span><\/a><\/div><\/p><\/div><div class=\"flex_column av_one_fifth  flex_column_div av-zero-column-padding   avia-builder-el-25  el_after_av_three_fifth  avia-builder-el-last  \" style='border-radius:0px; '><\/div>\n<\/div><\/div><\/div><!-- close content main div --><\/div><\/div><\/div><div id='after_section_1'  class='main_color av_default_container_wrap container_wrap sidebar_right' style=' '  ><div class='container' ><div class='template-page content  av-content-small alpha units'><div class='post-entry post-entry-type-page post-entry-644'><div class='entry-content-wrapper clearfix'>\n","protected":false},"excerpt":{"rendered":"","protected":false},"author":1,"featured_media":0,"parent":0,"menu_order":0,"comment_status":"closed","ping_status":"closed","template":"","meta":{"footnotes":""},"class_list":["post-644","page","type-page","status-publish","hentry"],"yoast_head":"<!-- This site is optimized with the Yoast SEO plugin v26.6 - https:\/\/yoast.com\/wordpress\/plugins\/seo\/ -->\n<title>Aiakujundus &amp; projekteerimine - Aiakaar - Haljastus Tallinnas Pirital Haabneemes<\/title>\n<meta name=\"description\" content=\"Aiakujundus &amp; projekteerimine - Harmoonilise projekti (disaini, haljastusplaani, eskiisi) saavutamine n\u00f5uab korralikku ettevalmistust ja koost\u00f6\u00f6d tellijaga\" \/>\n<meta name=\"robots\" content=\"index, follow, max-snippet:-1, max-image-preview:large, max-video-preview:-1\" \/>\n<link rel=\"canonical\" href=\"https:\/\/aiakaar.ee\/fi\/aiakujundus-projekteerimine\/\" \/>\n<meta property=\"og:locale\" content=\"fi_FI\" \/>\n<meta property=\"og:type\" content=\"article\" \/>\n<meta property=\"og:title\" content=\"Aiakujundus &amp; projekteerimine - Aiakaar - Haljastus Tallinnas Pirital Haabneemes\" \/>\n<meta property=\"og:description\" content=\"Aiakujundus &amp; projekteerimine - Harmoonilise projekti (disaini, haljastusplaani, eskiisi) saavutamine n\u00f5uab korralikku ettevalmistust ja koost\u00f6\u00f6d tellijaga\" \/>\n<meta property=\"og:url\" content=\"https:\/\/aiakaar.ee\/fi\/aiakujundus-projekteerimine\/\" \/>\n<meta property=\"og:site_name\" content=\"Aiakaar - Haljastus Tallinnas Pirital Haabneemes\" \/>\n<meta property=\"article:modified_time\" content=\"2025-04-16T19:15:20+00:00\" \/>\n<meta property=\"og:image\" content=\"http:\/\/aiakaar.ee\/wp-content\/uploads\/2017\/11\/Gardening.jpg\" \/>\n<meta name=\"twitter:card\" content=\"summary_large_image\" \/>\n<meta name=\"twitter:label1\" content=\"Arvioitu lukuaika\" \/>\n\t<meta name=\"twitter:data1\" content=\"7 minuuttia\" \/>\n<script type=\"application\/ld+json\" class=\"yoast-schema-graph\">{\"@context\":\"https:\/\/schema.org\",\"@graph\":[{\"@type\":\"WebPage\",\"@id\":\"https:\/\/aiakaar.ee\/fi\/aiakujundus-projekteerimine\/\",\"url\":\"https:\/\/aiakaar.ee\/fi\/aiakujundus-projekteerimine\/\",\"name\":\"Aiakujundus & projekteerimine - Aiakaar - Haljastus Tallinnas Pirital Haabneemes\",\"isPartOf\":{\"@id\":\"https:\/\/aiakaar.ee\/#website\"},\"primaryImageOfPage\":{\"@id\":\"https:\/\/aiakaar.ee\/fi\/aiakujundus-projekteerimine\/#primaryimage\"},\"image\":{\"@id\":\"https:\/\/aiakaar.ee\/fi\/aiakujundus-projekteerimine\/#primaryimage\"},\"thumbnailUrl\":\"http:\/\/aiakaar.ee\/wp-content\/uploads\/2017\/11\/Gardening.jpg\",\"datePublished\":\"2017-11-02T08:44:15+00:00\",\"dateModified\":\"2025-04-16T19:15:20+00:00\",\"description\":\"Aiakujundus & projekteerimine - Harmoonilise projekti (disaini, haljastusplaani, eskiisi) saavutamine n\u00f5uab korralikku ettevalmistust ja koost\u00f6\u00f6d tellijaga\",\"breadcrumb\":{\"@id\":\"https:\/\/aiakaar.ee\/fi\/aiakujundus-projekteerimine\/#breadcrumb\"},\"inLanguage\":\"fi\",\"potentialAction\":[{\"@type\":\"ReadAction\",\"target\":[\"https:\/\/aiakaar.ee\/fi\/aiakujundus-projekteerimine\/\"]}]},{\"@type\":\"ImageObject\",\"inLanguage\":\"fi\",\"@id\":\"https:\/\/aiakaar.ee\/fi\/aiakujundus-projekteerimine\/#primaryimage\",\"url\":\"http:\/\/aiakaar.ee\/wp-content\/uploads\/2017\/11\/Gardening.jpg\",\"contentUrl\":\"http:\/\/aiakaar.ee\/wp-content\/uploads\/2017\/11\/Gardening.jpg\"},{\"@type\":\"BreadcrumbList\",\"@id\":\"https:\/\/aiakaar.ee\/fi\/aiakujundus-projekteerimine\/#breadcrumb\",\"itemListElement\":[{\"@type\":\"ListItem\",\"position\":1,\"name\":\"Home\",\"item\":\"https:\/\/aiakaar.ee\/viherrakennus\/\"},{\"@type\":\"ListItem\",\"position\":2,\"name\":\"Aiakujundus &#038; projekteerimine\"}]},{\"@type\":\"WebSite\",\"@id\":\"https:\/\/aiakaar.ee\/#website\",\"url\":\"https:\/\/aiakaar.ee\/\",\"name\":\"Aiakaar - Haljastus Tallinnas Pirital Haabneemes\",\"description\":\"Haljastus\",\"potentialAction\":[{\"@type\":\"SearchAction\",\"target\":{\"@type\":\"EntryPoint\",\"urlTemplate\":\"https:\/\/aiakaar.ee\/?s={search_term_string}\"},\"query-input\":{\"@type\":\"PropertyValueSpecification\",\"valueRequired\":true,\"valueName\":\"search_term_string\"}}],\"inLanguage\":\"fi\"}]}<\/script>\n<!-- \/ Yoast SEO plugin. -->","yoast_head_json":{"title":"Aiakujundus & projekteerimine - Aiakaar - Haljastus Tallinnas Pirital Haabneemes","description":"Aiakujundus & projekteerimine - Harmoonilise projekti (disaini, haljastusplaani, eskiisi) saavutamine n\u00f5uab korralikku ettevalmistust ja koost\u00f6\u00f6d tellijaga","robots":{"index":"index","follow":"follow","max-snippet":"max-snippet:-1","max-image-preview":"max-image-preview:large","max-video-preview":"max-video-preview:-1"},"canonical":"https:\/\/aiakaar.ee\/fi\/aiakujundus-projekteerimine\/","og_locale":"fi_FI","og_type":"article","og_title":"Aiakujundus & projekteerimine - Aiakaar - Haljastus Tallinnas Pirital Haabneemes","og_description":"Aiakujundus & projekteerimine - Harmoonilise projekti (disaini, haljastusplaani, eskiisi) saavutamine n\u00f5uab korralikku ettevalmistust ja koost\u00f6\u00f6d tellijaga","og_url":"https:\/\/aiakaar.ee\/fi\/aiakujundus-projekteerimine\/","og_site_name":"Aiakaar - Haljastus Tallinnas Pirital Haabneemes","article_modified_time":"2025-04-16T19:15:20+00:00","og_image":[{"url":"http:\/\/aiakaar.ee\/wp-content\/uploads\/2017\/11\/Gardening.jpg","type":"","width":"","height":""}],"twitter_card":"summary_large_image","twitter_misc":{"Arvioitu lukuaika":"7 minuuttia"},"schema":{"@context":"https:\/\/schema.org","@graph":[{"@type":"WebPage","@id":"https:\/\/aiakaar.ee\/fi\/aiakujundus-projekteerimine\/","url":"https:\/\/aiakaar.ee\/fi\/aiakujundus-projekteerimine\/","name":"Aiakujundus & projekteerimine - Aiakaar - Haljastus Tallinnas Pirital Haabneemes","isPartOf":{"@id":"https:\/\/aiakaar.ee\/#website"},"primaryImageOfPage":{"@id":"https:\/\/aiakaar.ee\/fi\/aiakujundus-projekteerimine\/#primaryimage"},"image":{"@id":"https:\/\/aiakaar.ee\/fi\/aiakujundus-projekteerimine\/#primaryimage"},"thumbnailUrl":"http:\/\/aiakaar.ee\/wp-content\/uploads\/2017\/11\/Gardening.jpg","datePublished":"2017-11-02T08:44:15+00:00","dateModified":"2025-04-16T19:15:20+00:00","description":"Aiakujundus & projekteerimine - Harmoonilise projekti (disaini, haljastusplaani, eskiisi) saavutamine n\u00f5uab korralikku ettevalmistust ja koost\u00f6\u00f6d tellijaga","breadcrumb":{"@id":"https:\/\/aiakaar.ee\/fi\/aiakujundus-projekteerimine\/#breadcrumb"},"inLanguage":"fi","potentialAction":[{"@type":"ReadAction","target":["https:\/\/aiakaar.ee\/fi\/aiakujundus-projekteerimine\/"]}]},{"@type":"ImageObject","inLanguage":"fi","@id":"https:\/\/aiakaar.ee\/fi\/aiakujundus-projekteerimine\/#primaryimage","url":"http:\/\/aiakaar.ee\/wp-content\/uploads\/2017\/11\/Gardening.jpg","contentUrl":"http:\/\/aiakaar.ee\/wp-content\/uploads\/2017\/11\/Gardening.jpg"},{"@type":"BreadcrumbList","@id":"https:\/\/aiakaar.ee\/fi\/aiakujundus-projekteerimine\/#breadcrumb","itemListElement":[{"@type":"ListItem","position":1,"name":"Home","item":"https:\/\/aiakaar.ee\/viherrakennus\/"},{"@type":"ListItem","position":2,"name":"Aiakujundus &#038; projekteerimine"}]},{"@type":"WebSite","@id":"https:\/\/aiakaar.ee\/#website","url":"https:\/\/aiakaar.ee\/","name":"Aiakaar - Haljastus Tallinnas Pirital Haabneemes","description":"Haljastus","potentialAction":[{"@type":"SearchAction","target":{"@type":"EntryPoint","urlTemplate":"https:\/\/aiakaar.ee\/?s={search_term_string}"},"query-input":{"@type":"PropertyValueSpecification","valueRequired":true,"valueName":"search_term_string"}}],"inLanguage":"fi"}]}},"_links":{"self":[{"href":"https:\/\/aiakaar.ee\/fi\/wp-json\/wp\/v2\/pages\/644","targetHints":{"allow":["GET"]}}],"collection":[{"href":"https:\/\/aiakaar.ee\/fi\/wp-json\/wp\/v2\/pages"}],"about":[{"href":"https:\/\/aiakaar.ee\/fi\/wp-json\/wp\/v2\/types\/page"}],"author":[{"embeddable":true,"href":"https:\/\/aiakaar.ee\/fi\/wp-json\/wp\/v2\/users\/1"}],"replies":[{"embeddable":true,"href":"https:\/\/aiakaar.ee\/fi\/wp-json\/wp\/v2\/comments?post=644"}],"version-history":[{"count":8,"href":"https:\/\/aiakaar.ee\/fi\/wp-json\/wp\/v2\/pages\/644\/revisions"}],"predecessor-version":[{"id":2447,"href":"https:\/\/aiakaar.ee\/fi\/wp-json\/wp\/v2\/pages\/644\/revisions\/2447"}],"wp:attachment":[{"href":"https:\/\/aiakaar.ee\/fi\/wp-json\/wp\/v2\/media?parent=644"}],"curies":[{"name":"wp","href":"https:\/\/api.w.org\/{rel}","templated":true}]}}