{"id":649,"date":"2017-10-24T16:10:28","date_gmt":"2017-10-24T13:10:28","guid":{"rendered":"http:\/\/aiakaar.ee\/fi\/haljastus\/haljastamine\/"},"modified":"2019-03-06T11:06:26","modified_gmt":"2019-03-06T09:06:26","slug":"viherhoitotyot","status":"publish","type":"page","link":"https:\/\/aiakaar.ee\/fi\/viherrakentaminen\/viherhoitotyot\/","title":{"rendered":"Viherhoitoty\u00f6t"},"content":{"rendered":"<div id='welcome'  class='av-layout-grid-container entry-content-wrapper main_color av-fixed-cells     avia-builder-el-0  el_before_av_layout_row  avia-builder-el-first  container_wrap sidebar_right' style=' '  >\n<div class=\"flex_cell no_margin av_one_fourth  avia-builder-el-1  el_before_av_cell_one_fourth  avia-builder-el-first   av-zero-padding \"  style='height:15px; min-height:15px;vertical-align:top; padding:0px; background-color:#719430; ' ><div class='flex_cell_inner' ><\/div><\/div><div class=\"flex_cell no_margin av_one_fourth  avia-builder-el-2  el_after_av_cell_one_fourth  el_before_av_cell_one_fourth   av-zero-padding \"  style='height:15px; min-height:15px;vertical-align:top; padding:0px; background-color:#92bb46; ' ><div class='flex_cell_inner' ><\/div><\/div><div class=\"flex_cell no_margin av_one_fourth  avia-builder-el-3  el_after_av_cell_one_fourth  el_before_av_cell_one_fourth   av-zero-padding \"  style='height:15px; min-height:15px;vertical-align:top; padding:0px; background-color:#acd464; ' ><div class='flex_cell_inner' ><\/div><\/div><div class=\"flex_cell no_margin av_one_fourth  avia-builder-el-4  el_after_av_cell_one_fourth  avia-builder-el-last   av-zero-padding \"  style='height:15px; min-height:15px;vertical-align:top; padding:0px; background-color:#e1fbb2; ' ><div class='flex_cell_inner' ><\/div><\/div>\n<\/div>\n<div id='hello'  class='av-layout-grid-container entry-content-wrapper main_color av-flex-cells     avia-builder-el-5  el_after_av_layout_row  el_before_av_layout_row  submenu-not-first container_wrap sidebar_right' style=' '  >\n<div class=\"flex_cell no_margin av_two_third  avia-builder-el-6  el_before_av_cell_one_third  avia-builder-el-first   \"  style='vertical-align:top; padding:60px 100px 100px 100px ; ' ><div class='flex_cell_inner' ><p><div  style='padding-bottom:30px; font-size:70px;' class='av-special-heading av-special-heading-h1  blockquote modern-quote  avia-builder-el-7  el_before_av_textblock  avia-builder-el-first  av-inherit-size '><h1 class='av-special-heading-tag '  itemprop=\"headline\"  >Viherhoitoty\u00f6t<\/h1><div class='special-heading-border'><div class='special-heading-inner-border' ><\/div><\/div><\/div><br \/>\n<section class=\"av_textblock_section \"  itemscope=\"itemscope\" itemtype=\"https:\/\/schema.org\/CreativeWork\" ><div class='avia_textblock  '   itemprop=\"text\" ><p><strong>Teemme viheralueiden hoitot\u00f6it\u00e4 sopimust\u00f6in\u00e4 tai erillistilauksena.<\/strong><\/p>\n<p>Eik\u00f6 aika riit\u00e4 piha-alueiden kunnossapit\u00e4miseen ja hoitoty\u00f6t j\u00e4\u00e4v\u00e4t?<\/p>\n<p>Meilt\u00e4 saat ammattilaisen palvelut pihan hoitoon, sinun ei en\u00e4\u00e4 tarvitse huolehtia pihakasvien voinnista.<\/p>\n<p>Nurmikon leikkaus, lannoitus, kev\u00e4t- ja syyskunnostukset, kaikki pienemm\u00e4t ja suuremmat ty\u00f6t hoituvat ammattitaidolla.<\/p>\n<p>Olipa projektisi pieni tai suuri, autamme mielell\u00e4mme.<\/p>\n<ul>\n<li>nurmikon hoitoty\u00f6t; leikkaus, kalkitus, lannoitus ja ilmastointi<\/li>\n<li>puiden, pensaiden\u00a0sek\u00e4 pensasaitojen hoitoleikkaukset, lannoitus ja kalkitus<\/li>\n<li>istutusalueiden kunnostukset ja kitkent\u00e4, uudelleen j\u00e4rjestelyt ja paikkaistutukset<img loading=\"lazy\" decoding=\"async\" class=\"wp-image-478 alignright\" src=\"https:\/\/aiakaar.ee\/wp-content\/uploads\/2017\/11\/Vosa-loikur.jpg\" alt=\"Viherhoitoty\u00f6t\" width=\"260\" height=\"216\" \/><\/li>\n<li>k\u00e4yt\u00e4vien ja laatoitusten siistiminen<\/li>\n<li>niitot ja raivaukset<\/li>\n<li>kasvien uusiminen<\/li>\n<li>kasvinsuojeluty\u00f6t<\/li>\n<li>maa-analyysit<\/li>\n<li>talvisuojaukset sek\u00e4 kev\u00e4truiskutukset<\/li>\n<\/ul>\n<p>Mik\u00e4li aikasi tai mielenkiintosi kohdistuu johonkin muualle, esimerkiksi lomiesi aikaan, ammattitaitoiset ty\u00f6ntekij\u00e4mme huolehtivat mielell\u00e4\u00e4n ymp\u00e4rist\u00f6si kunnosta ja toimivuudesta.<\/p>\n<p><strong><a href=\"https:\/\/aiakaar.ee\/fi\/yhteystiedot\/\">Ota yhteytt\u00e4<\/a><\/strong>, vihre\u00e4n tekeminen on meill\u00e4 veriss\u00e4!<\/p>\n<h2 style=\"text-align: center;\">&#8211; Viherhoitoty\u00f6t &#8211;<\/h2>\n<div class=\"col-md-8\"><\/div>\n<div class=\"well\"><\/div>\n<\/div><\/section><br \/>\n<\/p>\n<\/div><\/div><div class=\"flex_cell no_margin av_one_third   avia-full-stretch \"  style='background:url(https:\/\/aiakaar.ee\/wp-content\/uploads\/2016\/05\/healthy-lifestyle-m-1030x687.jpg) center right no-repeat scroll; vertical-align:top; padding:100px; ' ><div class='flex_cell_inner' ><p><div  style='padding-bottom:10px; color:#ffffff;font-size:50px;' class='av-special-heading av-special-heading-h2 custom-color-heading blockquote modern-quote modern-centered  av-inherit-size '><h2 class='av-special-heading-tag '  itemprop=\"headline\"  >Lis\u00e4ksi tarjoamme<\/h2><div class='special-heading-border'><div class='special-heading-inner-border' style='border-color:#ffffff'><\/div><\/div><\/div><br \/>\n<div  class='avia-builder-widget-area clearfix '><div id=\"nav_menu-6\" class=\"widget clearfix widget_nav_menu\"><div class=\"menu-haljastus_fin-container\"><ul id=\"menu-haljastus_fin\" class=\"menu\"><li id=\"menu-item-814\" class=\"menu-item menu-item-type-post_type menu-item-object-page menu-item-814\"><a href=\"https:\/\/aiakaar.ee\/fi\/maisemasuunnittelu\/\">Maisemasuunnittelu<\/a><\/li>\n<\/ul><\/div><\/div><\/div><\/p>\n<\/div><\/div><\/div><\/div><\/div><\/div><!-- close content main div --><\/div><\/div><div id='welcome'  class='av-layout-grid-container entry-content-wrapper main_color av-fixed-cells     container_wrap sidebar_right' style=' '  >\n<div class=\"flex_cell no_margin av_one_fourth   av-zero-padding \"  style='height:15px; min-height:15px;vertical-align:top; padding:0px; background-color:#719430; ' ><div class='flex_cell_inner' ><\/div><\/div><div class=\"flex_cell no_margin av_one_fourth   av-zero-padding \"  style='height:15px; min-height:15px;vertical-align:top; padding:0px; background-color:#92bb46; ' ><div class='flex_cell_inner' ><\/div><\/div><div class=\"flex_cell no_margin av_one_fourth   av-zero-padding \"  style='height:15px; min-height:15px;vertical-align:top; padding:0px; background-color:#acd464; ' ><div class='flex_cell_inner' ><\/div><\/div><div class=\"flex_cell no_margin av_one_fourth   av-zero-padding \"  style='height:15px; min-height:15px;vertical-align:top; padding:0px; background-color:#e1fbb2; ' ><div class='flex_cell_inner' ><\/div><\/div>\n<\/div><\/p>\n<\/div><\/div><\/div><!-- close content main div --><\/div><\/div><div id='av_section_1'  class='avia-section alternate_color avia-section-huge avia-no-border-styling  avia-full-stretch av-section-color-overlay-active avia-bg-style-fixed   container_wrap sidebar_right' style='background-repeat: no-repeat; background-image: url(https:\/\/aiakaar.ee\/wp-content\/uploads\/2016\/05\/haljastus2.jpg);background-attachment: fixed; background-position: center center;  '  data-section-bg-repeat='stretch'><div class='av-section-color-overlay-wrap'><div class='av-section-color-overlay' style='opacity: 0.6; background-color: #000000; '><\/div><div class='container' ><div class='template-page content  av-content-small alpha units'><div class='post-entry post-entry-type-page post-entry-649'><div class='entry-content-wrapper clearfix'>\n<div class=\"flex_column av_one_fifth  flex_column_div av-zero-column-padding first  \" style='border-radius:0px; '><\/div><div class=\"flex_column av_three_fifth  flex_column_div av-zero-column-padding   \" style='border-radius:0px; '><p><div  style='padding-bottom:20px; font-size:50px;' class='av-special-heading av-special-heading-h2  blockquote modern-quote modern-centered  av-inherit-size '><h2 class='av-special-heading-tag '  itemprop=\"headline\"  >Ota yhteytt\u00e4<\/h2><div class='special-heading-border'><div class='special-heading-inner-border' ><\/div><\/div><\/div><br \/>\n<div  style='height:20px' class='hr hr-invisible  '><span class='hr-inner ' ><span class='hr-inner-style'><\/span><\/span><\/div><br \/>\n<div  class='avia-button-wrap avia-button-center ' ><a href='https:\/\/aiakaar.ee\/fi\/yhteystiedot\/'  class='avia-button av-icon-on-hover avia-color-light   avia-icon_select-yes-right-icon avia-size-large avia-position-center '   ><span class='avia_iconbox_title' >Katso<\/span><span class='avia_button_icon avia_button_icon_right' aria-hidden='true' data-av_icon='\ue879' data-av_iconfont='entypo-fontello'><\/span><\/a><\/div><\/p><\/div><div class=\"flex_column av_one_fifth  flex_column_div av-zero-column-padding   \" style='border-radius:0px; '><\/div>\n<\/div><\/div><\/div><!-- close content main div --><\/div><\/div><\/div><div id='after_section_1'  class='main_color av_default_container_wrap container_wrap sidebar_right' style=' '  ><div class='container' ><div class='template-page content  av-content-small alpha units'><div class='post-entry post-entry-type-page post-entry-649'><div class='entry-content-wrapper clearfix'>\n","protected":false},"excerpt":{"rendered":"","protected":false},"author":1,"featured_media":0,"parent":628,"menu_order":1,"comment_status":"closed","ping_status":"closed","template":"","meta":{"footnotes":""},"class_list":["post-649","page","type-page","status-publish","hentry"],"yoast_head":"<!-- This site is optimized with the Yoast SEO plugin v26.6 - https:\/\/yoast.com\/wordpress\/plugins\/seo\/ -->\n<title>Viherhoitoty\u00f6t - Aiakaar - Haljastus Tallinnas Pirital Haabneemes<\/title>\n<meta name=\"robots\" content=\"index, follow, max-snippet:-1, max-image-preview:large, max-video-preview:-1\" \/>\n<link rel=\"canonical\" href=\"https:\/\/aiakaar.ee\/viherrakentaminen\/viherhoitotyot\/\" \/>\n<meta property=\"og:locale\" content=\"fi_FI\" \/>\n<meta property=\"og:type\" content=\"article\" \/>\n<meta property=\"og:title\" content=\"Viherhoitoty\u00f6t - Aiakaar - Haljastus Tallinnas Pirital Haabneemes\" \/>\n<meta property=\"og:url\" content=\"https:\/\/aiakaar.ee\/viherrakentaminen\/viherhoitotyot\/\" \/>\n<meta property=\"og:site_name\" content=\"Aiakaar - Haljastus Tallinnas Pirital Haabneemes\" \/>\n<meta property=\"article:modified_time\" content=\"2019-03-06T09:06:26+00:00\" \/>\n<meta property=\"og:image\" content=\"https:\/\/aiakaar.ee\/wp-content\/uploads\/2017\/11\/Vosa-loikur.jpg\" \/>\n<meta name=\"twitter:card\" content=\"summary_large_image\" \/>\n<meta name=\"twitter:label1\" content=\"Arvioitu lukuaika\" \/>\n\t<meta name=\"twitter:data1\" content=\"6 minuuttia\" \/>\n<script type=\"application\/ld+json\" class=\"yoast-schema-graph\">{\"@context\":\"https:\/\/schema.org\",\"@graph\":[{\"@type\":\"WebPage\",\"@id\":\"https:\/\/aiakaar.ee\/viherrakentaminen\/viherhoitotyot\/\",\"url\":\"https:\/\/aiakaar.ee\/viherrakentaminen\/viherhoitotyot\/\",\"name\":\"Viherhoitoty\u00f6t - Aiakaar - Haljastus Tallinnas Pirital Haabneemes\",\"isPartOf\":{\"@id\":\"https:\/\/aiakaar.ee\/#website\"},\"primaryImageOfPage\":{\"@id\":\"https:\/\/aiakaar.ee\/viherrakentaminen\/viherhoitotyot\/#primaryimage\"},\"image\":{\"@id\":\"https:\/\/aiakaar.ee\/viherrakentaminen\/viherhoitotyot\/#primaryimage\"},\"thumbnailUrl\":\"https:\/\/aiakaar.ee\/wp-content\/uploads\/2017\/11\/Vosa-loikur.jpg\",\"datePublished\":\"2017-10-24T13:10:28+00:00\",\"dateModified\":\"2019-03-06T09:06:26+00:00\",\"breadcrumb\":{\"@id\":\"https:\/\/aiakaar.ee\/viherrakentaminen\/viherhoitotyot\/#breadcrumb\"},\"inLanguage\":\"fi\",\"potentialAction\":[{\"@type\":\"ReadAction\",\"target\":[\"https:\/\/aiakaar.ee\/viherrakentaminen\/viherhoitotyot\/\"]}]},{\"@type\":\"ImageObject\",\"inLanguage\":\"fi\",\"@id\":\"https:\/\/aiakaar.ee\/viherrakentaminen\/viherhoitotyot\/#primaryimage\",\"url\":\"https:\/\/aiakaar.ee\/wp-content\/uploads\/2017\/11\/Vosa-loikur.jpg\",\"contentUrl\":\"https:\/\/aiakaar.ee\/wp-content\/uploads\/2017\/11\/Vosa-loikur.jpg\"},{\"@type\":\"BreadcrumbList\",\"@id\":\"https:\/\/aiakaar.ee\/viherrakentaminen\/viherhoitotyot\/#breadcrumb\",\"itemListElement\":[{\"@type\":\"ListItem\",\"position\":1,\"name\":\"Home\",\"item\":\"https:\/\/aiakaar.ee\/viherrakennus\/\"},{\"@type\":\"ListItem\",\"position\":2,\"name\":\"Viherrakentaminen\",\"item\":\"https:\/\/aiakaar.ee\/viherrakentaminen\/\"},{\"@type\":\"ListItem\",\"position\":3,\"name\":\"Viherhoitoty\u00f6t\"}]},{\"@type\":\"WebSite\",\"@id\":\"https:\/\/aiakaar.ee\/#website\",\"url\":\"https:\/\/aiakaar.ee\/\",\"name\":\"Aiakaar - Haljastus Tallinnas Pirital Haabneemes\",\"description\":\"Haljastus\",\"potentialAction\":[{\"@type\":\"SearchAction\",\"target\":{\"@type\":\"EntryPoint\",\"urlTemplate\":\"https:\/\/aiakaar.ee\/?s={search_term_string}\"},\"query-input\":{\"@type\":\"PropertyValueSpecification\",\"valueRequired\":true,\"valueName\":\"search_term_string\"}}],\"inLanguage\":\"fi\"}]}<\/script>\n<!-- \/ Yoast SEO plugin. -->","yoast_head_json":{"title":"Viherhoitoty\u00f6t - Aiakaar - Haljastus Tallinnas Pirital Haabneemes","robots":{"index":"index","follow":"follow","max-snippet":"max-snippet:-1","max-image-preview":"max-image-preview:large","max-video-preview":"max-video-preview:-1"},"canonical":"https:\/\/aiakaar.ee\/viherrakentaminen\/viherhoitotyot\/","og_locale":"fi_FI","og_type":"article","og_title":"Viherhoitoty\u00f6t - Aiakaar - Haljastus Tallinnas Pirital Haabneemes","og_url":"https:\/\/aiakaar.ee\/viherrakentaminen\/viherhoitotyot\/","og_site_name":"Aiakaar - Haljastus Tallinnas Pirital Haabneemes","article_modified_time":"2019-03-06T09:06:26+00:00","og_image":[{"url":"https:\/\/aiakaar.ee\/wp-content\/uploads\/2017\/11\/Vosa-loikur.jpg","type":"","width":"","height":""}],"twitter_card":"summary_large_image","twitter_misc":{"Arvioitu lukuaika":"6 minuuttia"},"schema":{"@context":"https:\/\/schema.org","@graph":[{"@type":"WebPage","@id":"https:\/\/aiakaar.ee\/viherrakentaminen\/viherhoitotyot\/","url":"https:\/\/aiakaar.ee\/viherrakentaminen\/viherhoitotyot\/","name":"Viherhoitoty\u00f6t - Aiakaar - Haljastus Tallinnas Pirital Haabneemes","isPartOf":{"@id":"https:\/\/aiakaar.ee\/#website"},"primaryImageOfPage":{"@id":"https:\/\/aiakaar.ee\/viherrakentaminen\/viherhoitotyot\/#primaryimage"},"image":{"@id":"https:\/\/aiakaar.ee\/viherrakentaminen\/viherhoitotyot\/#primaryimage"},"thumbnailUrl":"https:\/\/aiakaar.ee\/wp-content\/uploads\/2017\/11\/Vosa-loikur.jpg","datePublished":"2017-10-24T13:10:28+00:00","dateModified":"2019-03-06T09:06:26+00:00","breadcrumb":{"@id":"https:\/\/aiakaar.ee\/viherrakentaminen\/viherhoitotyot\/#breadcrumb"},"inLanguage":"fi","potentialAction":[{"@type":"ReadAction","target":["https:\/\/aiakaar.ee\/viherrakentaminen\/viherhoitotyot\/"]}]},{"@type":"ImageObject","inLanguage":"fi","@id":"https:\/\/aiakaar.ee\/viherrakentaminen\/viherhoitotyot\/#primaryimage","url":"https:\/\/aiakaar.ee\/wp-content\/uploads\/2017\/11\/Vosa-loikur.jpg","contentUrl":"https:\/\/aiakaar.ee\/wp-content\/uploads\/2017\/11\/Vosa-loikur.jpg"},{"@type":"BreadcrumbList","@id":"https:\/\/aiakaar.ee\/viherrakentaminen\/viherhoitotyot\/#breadcrumb","itemListElement":[{"@type":"ListItem","position":1,"name":"Home","item":"https:\/\/aiakaar.ee\/viherrakennus\/"},{"@type":"ListItem","position":2,"name":"Viherrakentaminen","item":"https:\/\/aiakaar.ee\/viherrakentaminen\/"},{"@type":"ListItem","position":3,"name":"Viherhoitoty\u00f6t"}]},{"@type":"WebSite","@id":"https:\/\/aiakaar.ee\/#website","url":"https:\/\/aiakaar.ee\/","name":"Aiakaar - Haljastus Tallinnas Pirital Haabneemes","description":"Haljastus","potentialAction":[{"@type":"SearchAction","target":{"@type":"EntryPoint","urlTemplate":"https:\/\/aiakaar.ee\/?s={search_term_string}"},"query-input":{"@type":"PropertyValueSpecification","valueRequired":true,"valueName":"search_term_string"}}],"inLanguage":"fi"}]}},"_links":{"self":[{"href":"https:\/\/aiakaar.ee\/fi\/wp-json\/wp\/v2\/pages\/649","targetHints":{"allow":["GET"]}}],"collection":[{"href":"https:\/\/aiakaar.ee\/fi\/wp-json\/wp\/v2\/pages"}],"about":[{"href":"https:\/\/aiakaar.ee\/fi\/wp-json\/wp\/v2\/types\/page"}],"author":[{"embeddable":true,"href":"https:\/\/aiakaar.ee\/fi\/wp-json\/wp\/v2\/users\/1"}],"replies":[{"embeddable":true,"href":"https:\/\/aiakaar.ee\/fi\/wp-json\/wp\/v2\/comments?post=649"}],"version-history":[{"count":15,"href":"https:\/\/aiakaar.ee\/fi\/wp-json\/wp\/v2\/pages\/649\/revisions"}],"predecessor-version":[{"id":1938,"href":"https:\/\/aiakaar.ee\/fi\/wp-json\/wp\/v2\/pages\/649\/revisions\/1938"}],"up":[{"embeddable":true,"href":"https:\/\/aiakaar.ee\/fi\/wp-json\/wp\/v2\/pages\/628"}],"wp:attachment":[{"href":"https:\/\/aiakaar.ee\/fi\/wp-json\/wp\/v2\/media?parent=649"}],"curies":[{"name":"wp","href":"https:\/\/api.w.org\/{rel}","templated":true}]}}