{"id":690,"date":"2017-10-24T16:14:11","date_gmt":"2017-10-24T13:14:11","guid":{"rendered":"http:\/\/aiakaar.ee\/fi\/haljastus\/aiahooldus\/"},"modified":"2017-11-11T00:03:45","modified_gmt":"2017-11-10T22:03:45","slug":"aiahooldus","status":"publish","type":"page","link":"https:\/\/aiakaar.ee\/fi\/viherrakentaminen\/aiahooldus\/","title":{"rendered":"Aiahooldus"},"content":{"rendered":"<div id='welcome'  class='av-layout-grid-container entry-content-wrapper main_color av-fixed-cells     avia-builder-el-0  el_before_av_layout_row  avia-builder-el-first  container_wrap sidebar_right' style=' '  >\n<div class=\"flex_cell no_margin av_one_fourth  avia-builder-el-1  el_before_av_cell_one_fourth  avia-builder-el-first   av-zero-padding \"  style='height:15px; min-height:15px;vertical-align:top; padding:0px; background-color:#719430; ' ><div class='flex_cell_inner' ><\/div><\/div><div class=\"flex_cell no_margin av_one_fourth  avia-builder-el-2  el_after_av_cell_one_fourth  el_before_av_cell_one_fourth   av-zero-padding \"  style='height:15px; min-height:15px;vertical-align:top; padding:0px; background-color:#92bb46; ' ><div class='flex_cell_inner' ><\/div><\/div><div class=\"flex_cell no_margin av_one_fourth  avia-builder-el-3  el_after_av_cell_one_fourth  el_before_av_cell_one_fourth   av-zero-padding \"  style='height:15px; min-height:15px;vertical-align:top; padding:0px; background-color:#acd464; ' ><div class='flex_cell_inner' ><\/div><\/div><div class=\"flex_cell no_margin av_one_fourth  avia-builder-el-4  el_after_av_cell_one_fourth  avia-builder-el-last   av-zero-padding \"  style='height:15px; min-height:15px;vertical-align:top; padding:0px; background-color:#e1fbb2; ' ><div class='flex_cell_inner' ><\/div><\/div>\n<\/div>\n<div id='hello'  class='av-layout-grid-container entry-content-wrapper main_color av-flex-cells     avia-builder-el-5  el_after_av_layout_row  el_before_av_layout_row  submenu-not-first container_wrap sidebar_right' style=' '  >\n<div class=\"flex_cell no_margin av_two_third  avia-builder-el-6  el_before_av_cell_one_third  avia-builder-el-first   \"  style='vertical-align:top; padding:60px 100px 100px 100px ; ' ><div class='flex_cell_inner' ><p><div  style='padding-bottom:30px; font-size:70px;' class='av-special-heading av-special-heading-h1  blockquote modern-quote  avia-builder-el-7  el_before_av_textblock  avia-builder-el-first  av-inherit-size '><h1 class='av-special-heading-tag '  itemprop=\"headline\"  >Aiahooldus<\/h1><div class='special-heading-border'><div class='special-heading-inner-border' ><\/div><\/div><\/div><br \/>\n<section class=\"av_textblock_section \"  itemscope=\"itemscope\" itemtype=\"https:\/\/schema.org\/CreativeWork\" ><div class='avia_textblock  '   itemprop=\"text\" ><p style=\"text-align: left;\"><strong>Aedade hooldusteenust pakume nii hooajalist kui ka \u00fchekordset teenust.<\/strong><\/p>\n<p>Iga kevad algab aias sibullillede \u00f5itsemisega. K\u00f5ige enam hooldust vajabki aed suve esimesel poolel, kui t\u00e4rkavate ja kasvavate taimede vahelt peab kitkuma umbrohtu ning m\u00f5nda p\u00fcsikut piirama. Rohttaimed on aia k\u00f5ige d\u00fcnaamilisem ja ka hooltn\u00f5udvam osa.<\/p>\n<p>Juunikuus l\u00e4heb teatepulk tasapisi \u00fcle p\u00fcsikutele ja suve teisel poolel on aias hooldust tarvis juba v\u00e4hem. Alates juulist on rohimist tarvis juba oluliselt v\u00e4hem, sest taimed on tihedaks kasvanud ja umbrohul ei ole lihtne levida.<\/p>\n<p>Pole olemas hooldusvaba aeda, samas saab aga luua v\u00f5imalikult v\u00e4hese hooldusvajadusega aia. Sellist t\u00fc\u00fcpi aed lubab pererahval ka n\u00e4dalateks eemal olla ning aed elab oma elu. Tagasi tulles avastad, kuidas m\u00f5ni taim on ehk \u00e4ra \u00f5itsenud, aga aed ei kaota oma v\u00e4rvi ega dekoratiivsust.<\/p>\n<p>S\u00fcgise \u00fcks p\u00f5hit\u00f6id on lehtede riisumine. See t\u00f6\u00f6 tuleb kahtlemata \u00e4ra teha s\u00fcgisel, sest lehekihti ei tohiks j\u00e4tta talveks lume alla, nii v\u00f5ib kahjustuda muru. Puulehed ei lase murule valgust ligi ja sellele v\u00f5ivad tekkida kevadeks koledad pruunid laigud.<\/p>\n<p>M\u00f5nes paigas n\u00e4iteks roosip\u00f5\u00f5sastele on aga lehtede j\u00e4tmine hoopis kasulik. Lehekate kaitseb talvel taimi k\u00fclma eest. Ei tohi unustada varakevadel k\u00f5dunemata lehti eemaldada, sest sel ajal tahavad taimed juba palju v\u00e4rsket \u00f5hku ja p\u00e4ikest. Samuti on soovitav lehti j\u00e4tta k\u00f6\u00f6givilja- ning lillepeenrale. Kui lehed veidi ka mulla sisse kaevata, siis ei vii tuul neid minema ja mullas saab alata kasulik lagunemisprotsess. Lehtedes leiduvad toitained m\u00f5juvad mullale v\u00e4etisena. Kui l\u00e4htuda \u00f6koloogilisest tasakaalust v\u00f5id nautida k\u00f5iki aastaaegasid.<\/p>\n<p><strong>Aiahooldus t\u00f6\u00f6dena pakume j\u00e4rgmiseid tegevusi:<\/strong><\/p>\n<ul>\n<li>kevadine aiakoristus- lehtede ja muru riisumine- muru rullimine<\/li>\n<li>kahjustatud taimede asendamine\n<p><div id=\"attachment_1001\" style=\"width: 210px\" class=\"wp-caption alignright\"><img loading=\"lazy\" decoding=\"async\" aria-describedby=\"caption-attachment-1001\" class=\"size-medium wp-image-1001\" src=\"https:\/\/aiakaar.ee\/wp-content\/uploads\/2017\/10\/Aiahooldus-200x300.jpg\" alt=\"Aiahooldus\" width=\"200\" height=\"300\" srcset=\"https:\/\/aiakaar.ee\/wp-content\/uploads\/2017\/10\/Aiahooldus-200x300.jpg 200w, https:\/\/aiakaar.ee\/wp-content\/uploads\/2017\/10\/Aiahooldus.jpg 400w\" sizes=\"auto, (max-width: 200px) 100vw, 200px\" \/><p id=\"caption-attachment-1001\" class=\"wp-caption-text\">Aiahooldus<\/p><\/div><\/li>\n<li>taimede l\u00f5ikamine ja ettevalmistus uueks hooajaks<\/li>\n<li>taimede kujundus ja hooldusl\u00f5ikus<\/li>\n<li>hekkide l\u00f5ikused<\/li>\n<li>rohimist\u00f6\u00f6d<\/li>\n<li>v\u00e4etamine, kastmine<\/li>\n<li>umbrohu ja aiakahjurite t\u00f5rje<\/li>\n<li>k\u00fclma\u00f5rnadele taimedele talveks\/kevadeks katete paigaldamine<\/li>\n<li>muruhooldus, muru niitmine, soovi korral \u00e4ravedu<\/li>\n<li>samblaeemalus murust varjulistes kohtades<\/li>\n<li>aiaservade, teeradade \u00e4\u00e4rte trimmerdamine<\/li>\n<li>teekivide umrohust ja samblast puhastamine (keemiline ja mehhaaaline)<\/li>\n<li>hoolduslepingud<\/li>\n<\/ul>\n<p><strong>Aedade hooldusteenust pakume nii hooajalist kui ka \u00fchekordset teenust.<\/strong><\/p>\n<h2 style=\"text-align: center;\">&#8211; Aiahooldus &#8211;<\/h2>\n<\/div><\/section><\/p>\n<\/div><\/div><div class=\"flex_cell no_margin av_one_third  avia-builder-el-9  el_after_av_cell_two_third  avia-builder-el-last   avia-full-stretch \"  style='background:url(https:\/\/aiakaar.ee\/wp-content\/uploads\/2016\/05\/healthy-lifestyle-m-1030x687.jpg) center right no-repeat scroll; vertical-align:top; padding:100px; ' ><div class='flex_cell_inner' ><p><div  style='padding-bottom:10px; color:#ffffff;font-size:50px;' class='av-special-heading av-special-heading-h2 custom-color-heading blockquote modern-quote modern-centered  avia-builder-el-10  el_before_av_sidebar  avia-builder-el-first  av-inherit-size '><h2 class='av-special-heading-tag '  itemprop=\"headline\"  >Lisaks pakume<\/h2><div class='special-heading-border'><div class='special-heading-inner-border' style='border-color:#ffffff'><\/div><\/div><\/div><br \/>\n<div  class='avia-builder-widget-area clearfix  avia-builder-el-11  el_after_av_heading  avia-builder-el-last '><div id=\"nav_menu-2\" class=\"widget clearfix widget_nav_menu\"><div class=\"menu-haljastus_fin-container\"><ul id=\"menu-haljastus_fin\" class=\"menu\"><li id=\"menu-item-814\" class=\"menu-item menu-item-type-post_type menu-item-object-page menu-item-814\"><a href=\"https:\/\/aiakaar.ee\/fi\/maisemasuunnittelu\/\">Maisemasuunnittelu<\/a><\/li>\n<\/ul><\/div><\/div><\/div><\/p>\n<\/div><\/div><\/div><div id='welcome'  class='av-layout-grid-container entry-content-wrapper main_color av-fixed-cells     avia-builder-el-12  el_after_av_layout_row  el_before_av_section  submenu-not-first container_wrap sidebar_right' style=' '  >\n<div class=\"flex_cell no_margin av_one_fourth  avia-builder-el-13  el_before_av_cell_one_fourth  avia-builder-el-first   av-zero-padding \"  style='height:15px; min-height:15px;vertical-align:top; padding:0px; background-color:#719430; ' ><div class='flex_cell_inner' ><\/div><\/div><div class=\"flex_cell no_margin av_one_fourth  avia-builder-el-14  el_after_av_cell_one_fourth  el_before_av_cell_one_fourth   av-zero-padding \"  style='height:15px; min-height:15px;vertical-align:top; padding:0px; background-color:#92bb46; ' ><div class='flex_cell_inner' ><\/div><\/div><div class=\"flex_cell no_margin av_one_fourth  avia-builder-el-15  el_after_av_cell_one_fourth  el_before_av_cell_one_fourth   av-zero-padding \"  style='height:15px; min-height:15px;vertical-align:top; padding:0px; background-color:#acd464; ' ><div class='flex_cell_inner' ><\/div><\/div><div class=\"flex_cell no_margin av_one_fourth  avia-builder-el-16  el_after_av_cell_one_fourth  avia-builder-el-last   av-zero-padding \"  style='height:15px; min-height:15px;vertical-align:top; padding:0px; background-color:#e1fbb2; ' ><div class='flex_cell_inner' ><\/div><\/div>\n<\/div><\/p>\n<div id='av_section_1'  class='avia-section alternate_color avia-section-huge avia-no-border-styling  avia-full-stretch av-section-color-overlay-active avia-bg-style-fixed  avia-builder-el-17  el_after_av_layout_row  avia-builder-el-last   container_wrap sidebar_right' style='background-repeat: no-repeat; background-image: url(https:\/\/aiakaar.ee\/wp-content\/uploads\/2016\/05\/haljastus2.jpg);background-attachment: fixed; background-position: center center;  '  data-section-bg-repeat='stretch'><div class='av-section-color-overlay-wrap'><div class='av-section-color-overlay' style='opacity: 0.6; background-color: #000000; '><\/div><div class='container' ><div class='template-page content  av-content-small alpha units'><div class='post-entry post-entry-type-page post-entry-690'><div class='entry-content-wrapper clearfix'>\n<div class=\"flex_column av_one_fifth  flex_column_div av-zero-column-padding first  avia-builder-el-18  el_before_av_three_fifth  avia-builder-el-first  \" style='border-radius:0px; '><\/div><div class=\"flex_column av_three_fifth  flex_column_div av-zero-column-padding   avia-builder-el-19  el_after_av_one_fifth  el_before_av_one_fifth  \" style='border-radius:0px; '><p><div  style='padding-bottom:20px; font-size:50px;' class='av-special-heading av-special-heading-h2  blockquote modern-quote modern-centered  avia-builder-el-20  el_before_av_hr  avia-builder-el-first  av-inherit-size '><h2 class='av-special-heading-tag '  itemprop=\"headline\"  >V\u00f5tke meiega \u00fchendust<\/h2><div class='special-heading-border'><div class='special-heading-inner-border' ><\/div><\/div><\/div><br \/>\n<div  style='height:20px' class='hr hr-invisible   avia-builder-el-21  el_after_av_heading  el_before_av_button '><span class='hr-inner ' ><span class='hr-inner-style'><\/span><\/span><\/div><br \/>\n<div  class='avia-button-wrap avia-button-center  avia-builder-el-22  el_after_av_hr  avia-builder-el-last ' ><a href='https:\/\/aiakaar.ee\/google_maps\/'  class='avia-button av-icon-on-hover avia-color-light   avia-icon_select-yes-right-icon avia-size-large avia-position-center '   ><span class='avia_iconbox_title' >Kontakteeru<\/span><span class='avia_button_icon avia_button_icon_right' aria-hidden='true' data-av_icon='\ue879' data-av_iconfont='entypo-fontello'><\/span><\/a><\/div><\/p><\/div><div class=\"flex_column av_one_fifth  flex_column_div av-zero-column-padding   avia-builder-el-23  el_after_av_three_fifth  avia-builder-el-last  \" style='border-radius:0px; '><\/div>\n<\/div><\/div><\/div><!-- close content main div --><\/div><\/div><\/div><div id='after_section_1'  class='main_color av_default_container_wrap container_wrap sidebar_right' style=' '  ><div class='container' ><div class='template-page content  av-content-small alpha units'><div class='post-entry post-entry-type-page post-entry-690'><div class='entry-content-wrapper clearfix'>\n","protected":false},"excerpt":{"rendered":"","protected":false},"author":1,"featured_media":0,"parent":628,"menu_order":4,"comment_status":"closed","ping_status":"closed","template":"","meta":{"footnotes":""},"class_list":["post-690","page","type-page","status-publish","hentry"],"yoast_head":"<!-- This site is optimized with the Yoast SEO plugin v26.6 - https:\/\/yoast.com\/wordpress\/plugins\/seo\/ -->\n<title>Aiahooldus - Aiakaar - Haljastus Tallinnas Pirital Haabneemes<\/title>\n<meta name=\"description\" content=\"Aiahooldus - Aedade hooldusteenust pakume nii hooajalist kui ka \u00fchekordset teenust. Iga kevad algab aias sibullillede \u00f5itsemisega. K\u00f5ige enam aiahooldus ...\" \/>\n<meta name=\"robots\" content=\"index, follow, max-snippet:-1, max-image-preview:large, max-video-preview:-1\" \/>\n<link rel=\"canonical\" href=\"https:\/\/aiakaar.ee\/viherrakentaminen\/aiahooldus\/\" \/>\n<meta property=\"og:locale\" content=\"fi_FI\" \/>\n<meta property=\"og:type\" content=\"article\" \/>\n<meta property=\"og:title\" content=\"Aiahooldus - Aiakaar - Haljastus Tallinnas Pirital Haabneemes\" \/>\n<meta property=\"og:description\" content=\"Aiahooldus - Aedade hooldusteenust pakume nii hooajalist kui ka \u00fchekordset teenust. Iga kevad algab aias sibullillede \u00f5itsemisega. K\u00f5ige enam aiahooldus ...\" \/>\n<meta property=\"og:url\" content=\"https:\/\/aiakaar.ee\/viherrakentaminen\/aiahooldus\/\" \/>\n<meta property=\"og:site_name\" content=\"Aiakaar - Haljastus Tallinnas Pirital Haabneemes\" \/>\n<meta property=\"article:modified_time\" content=\"2017-11-10T22:03:45+00:00\" \/>\n<meta property=\"og:image\" content=\"https:\/\/aiakaar.ee\/wp-content\/uploads\/2017\/10\/Aiahooldus-200x300.jpg\" \/>\n<meta name=\"twitter:card\" content=\"summary_large_image\" \/>\n<meta name=\"twitter:label1\" content=\"Arvioitu lukuaika\" \/>\n\t<meta name=\"twitter:data1\" content=\"7 minuuttia\" \/>\n<script type=\"application\/ld+json\" class=\"yoast-schema-graph\">{\"@context\":\"https:\/\/schema.org\",\"@graph\":[{\"@type\":\"WebPage\",\"@id\":\"https:\/\/aiakaar.ee\/viherrakentaminen\/aiahooldus\/\",\"url\":\"https:\/\/aiakaar.ee\/viherrakentaminen\/aiahooldus\/\",\"name\":\"Aiahooldus - Aiakaar - Haljastus Tallinnas Pirital Haabneemes\",\"isPartOf\":{\"@id\":\"https:\/\/aiakaar.ee\/#website\"},\"primaryImageOfPage\":{\"@id\":\"https:\/\/aiakaar.ee\/viherrakentaminen\/aiahooldus\/#primaryimage\"},\"image\":{\"@id\":\"https:\/\/aiakaar.ee\/viherrakentaminen\/aiahooldus\/#primaryimage\"},\"thumbnailUrl\":\"https:\/\/aiakaar.ee\/wp-content\/uploads\/2017\/10\/Aiahooldus-200x300.jpg\",\"datePublished\":\"2017-10-24T13:14:11+00:00\",\"dateModified\":\"2017-11-10T22:03:45+00:00\",\"description\":\"Aiahooldus - Aedade hooldusteenust pakume nii hooajalist kui ka \u00fchekordset teenust. Iga kevad algab aias sibullillede \u00f5itsemisega. K\u00f5ige enam aiahooldus ...\",\"breadcrumb\":{\"@id\":\"https:\/\/aiakaar.ee\/viherrakentaminen\/aiahooldus\/#breadcrumb\"},\"inLanguage\":\"fi\",\"potentialAction\":[{\"@type\":\"ReadAction\",\"target\":[\"https:\/\/aiakaar.ee\/viherrakentaminen\/aiahooldus\/\"]}]},{\"@type\":\"ImageObject\",\"inLanguage\":\"fi\",\"@id\":\"https:\/\/aiakaar.ee\/viherrakentaminen\/aiahooldus\/#primaryimage\",\"url\":\"https:\/\/aiakaar.ee\/wp-content\/uploads\/2017\/10\/Aiahooldus-200x300.jpg\",\"contentUrl\":\"https:\/\/aiakaar.ee\/wp-content\/uploads\/2017\/10\/Aiahooldus-200x300.jpg\"},{\"@type\":\"BreadcrumbList\",\"@id\":\"https:\/\/aiakaar.ee\/viherrakentaminen\/aiahooldus\/#breadcrumb\",\"itemListElement\":[{\"@type\":\"ListItem\",\"position\":1,\"name\":\"Home\",\"item\":\"https:\/\/aiakaar.ee\/viherrakennus\/\"},{\"@type\":\"ListItem\",\"position\":2,\"name\":\"Viherrakentaminen\",\"item\":\"https:\/\/aiakaar.ee\/viherrakentaminen\/\"},{\"@type\":\"ListItem\",\"position\":3,\"name\":\"Aiahooldus\"}]},{\"@type\":\"WebSite\",\"@id\":\"https:\/\/aiakaar.ee\/#website\",\"url\":\"https:\/\/aiakaar.ee\/\",\"name\":\"Aiakaar - Haljastus Tallinnas Pirital Haabneemes\",\"description\":\"Haljastus\",\"potentialAction\":[{\"@type\":\"SearchAction\",\"target\":{\"@type\":\"EntryPoint\",\"urlTemplate\":\"https:\/\/aiakaar.ee\/?s={search_term_string}\"},\"query-input\":{\"@type\":\"PropertyValueSpecification\",\"valueRequired\":true,\"valueName\":\"search_term_string\"}}],\"inLanguage\":\"fi\"}]}<\/script>\n<!-- \/ Yoast SEO plugin. -->","yoast_head_json":{"title":"Aiahooldus - Aiakaar - Haljastus Tallinnas Pirital Haabneemes","description":"Aiahooldus - Aedade hooldusteenust pakume nii hooajalist kui ka \u00fchekordset teenust. Iga kevad algab aias sibullillede \u00f5itsemisega. K\u00f5ige enam aiahooldus ...","robots":{"index":"index","follow":"follow","max-snippet":"max-snippet:-1","max-image-preview":"max-image-preview:large","max-video-preview":"max-video-preview:-1"},"canonical":"https:\/\/aiakaar.ee\/viherrakentaminen\/aiahooldus\/","og_locale":"fi_FI","og_type":"article","og_title":"Aiahooldus - Aiakaar - Haljastus Tallinnas Pirital Haabneemes","og_description":"Aiahooldus - Aedade hooldusteenust pakume nii hooajalist kui ka \u00fchekordset teenust. Iga kevad algab aias sibullillede \u00f5itsemisega. K\u00f5ige enam aiahooldus ...","og_url":"https:\/\/aiakaar.ee\/viherrakentaminen\/aiahooldus\/","og_site_name":"Aiakaar - Haljastus Tallinnas Pirital Haabneemes","article_modified_time":"2017-11-10T22:03:45+00:00","og_image":[{"url":"https:\/\/aiakaar.ee\/wp-content\/uploads\/2017\/10\/Aiahooldus-200x300.jpg","type":"","width":"","height":""}],"twitter_card":"summary_large_image","twitter_misc":{"Arvioitu lukuaika":"7 minuuttia"},"schema":{"@context":"https:\/\/schema.org","@graph":[{"@type":"WebPage","@id":"https:\/\/aiakaar.ee\/viherrakentaminen\/aiahooldus\/","url":"https:\/\/aiakaar.ee\/viherrakentaminen\/aiahooldus\/","name":"Aiahooldus - Aiakaar - Haljastus Tallinnas Pirital Haabneemes","isPartOf":{"@id":"https:\/\/aiakaar.ee\/#website"},"primaryImageOfPage":{"@id":"https:\/\/aiakaar.ee\/viherrakentaminen\/aiahooldus\/#primaryimage"},"image":{"@id":"https:\/\/aiakaar.ee\/viherrakentaminen\/aiahooldus\/#primaryimage"},"thumbnailUrl":"https:\/\/aiakaar.ee\/wp-content\/uploads\/2017\/10\/Aiahooldus-200x300.jpg","datePublished":"2017-10-24T13:14:11+00:00","dateModified":"2017-11-10T22:03:45+00:00","description":"Aiahooldus - Aedade hooldusteenust pakume nii hooajalist kui ka \u00fchekordset teenust. Iga kevad algab aias sibullillede \u00f5itsemisega. K\u00f5ige enam aiahooldus ...","breadcrumb":{"@id":"https:\/\/aiakaar.ee\/viherrakentaminen\/aiahooldus\/#breadcrumb"},"inLanguage":"fi","potentialAction":[{"@type":"ReadAction","target":["https:\/\/aiakaar.ee\/viherrakentaminen\/aiahooldus\/"]}]},{"@type":"ImageObject","inLanguage":"fi","@id":"https:\/\/aiakaar.ee\/viherrakentaminen\/aiahooldus\/#primaryimage","url":"https:\/\/aiakaar.ee\/wp-content\/uploads\/2017\/10\/Aiahooldus-200x300.jpg","contentUrl":"https:\/\/aiakaar.ee\/wp-content\/uploads\/2017\/10\/Aiahooldus-200x300.jpg"},{"@type":"BreadcrumbList","@id":"https:\/\/aiakaar.ee\/viherrakentaminen\/aiahooldus\/#breadcrumb","itemListElement":[{"@type":"ListItem","position":1,"name":"Home","item":"https:\/\/aiakaar.ee\/viherrakennus\/"},{"@type":"ListItem","position":2,"name":"Viherrakentaminen","item":"https:\/\/aiakaar.ee\/viherrakentaminen\/"},{"@type":"ListItem","position":3,"name":"Aiahooldus"}]},{"@type":"WebSite","@id":"https:\/\/aiakaar.ee\/#website","url":"https:\/\/aiakaar.ee\/","name":"Aiakaar - Haljastus Tallinnas Pirital Haabneemes","description":"Haljastus","potentialAction":[{"@type":"SearchAction","target":{"@type":"EntryPoint","urlTemplate":"https:\/\/aiakaar.ee\/?s={search_term_string}"},"query-input":{"@type":"PropertyValueSpecification","valueRequired":true,"valueName":"search_term_string"}}],"inLanguage":"fi"}]}},"_links":{"self":[{"href":"https:\/\/aiakaar.ee\/fi\/wp-json\/wp\/v2\/pages\/690","targetHints":{"allow":["GET"]}}],"collection":[{"href":"https:\/\/aiakaar.ee\/fi\/wp-json\/wp\/v2\/pages"}],"about":[{"href":"https:\/\/aiakaar.ee\/fi\/wp-json\/wp\/v2\/types\/page"}],"author":[{"embeddable":true,"href":"https:\/\/aiakaar.ee\/fi\/wp-json\/wp\/v2\/users\/1"}],"replies":[{"embeddable":true,"href":"https:\/\/aiakaar.ee\/fi\/wp-json\/wp\/v2\/comments?post=690"}],"version-history":[{"count":7,"href":"https:\/\/aiakaar.ee\/fi\/wp-json\/wp\/v2\/pages\/690\/revisions"}],"predecessor-version":[{"id":1948,"href":"https:\/\/aiakaar.ee\/fi\/wp-json\/wp\/v2\/pages\/690\/revisions\/1948"}],"up":[{"embeddable":true,"href":"https:\/\/aiakaar.ee\/fi\/wp-json\/wp\/v2\/pages\/628"}],"wp:attachment":[{"href":"https:\/\/aiakaar.ee\/fi\/wp-json\/wp\/v2\/media?parent=690"}],"curies":[{"name":"wp","href":"https:\/\/api.w.org\/{rel}","templated":true}]}}