{"id":648,"date":"2017-10-24T16:10:28","date_gmt":"2017-10-24T13:10:28","guid":{"rendered":"http:\/\/aiakaar.ee\/ru\/haljastus\/haljastamine\/"},"modified":"2020-01-16T19:12:47","modified_gmt":"2020-01-16T17:12:47","slug":"haljastamine","status":"publish","type":"page","link":"https:\/\/aiakaar.ee\/ru\/%d0%bb%d0%b0%d0%bd%d0%b4%d1%88%d0%b0%d1%84%d1%82%d0%bd%d1%8b%d0%b9-%d0%b4%d0%b8%d0%b7%d0%b0%d0%b9%d0%bd-3\/haljastamine\/","title":{"rendered":"Haljastamine"},"content":{"rendered":"<div id='welcome'  class='av-layout-grid-container entry-content-wrapper main_color av-fixed-cells     avia-builder-el-0  el_before_av_layout_row  avia-builder-el-first  container_wrap sidebar_right' style=' '  >\n<div class=\"flex_cell no_margin av_one_fourth  avia-builder-el-1  el_before_av_cell_one_fourth  avia-builder-el-first   av-zero-padding \"  style='height:15px; min-height:15px;vertical-align:top; padding:0px; background-color:#719430; ' ><div class='flex_cell_inner' ><\/div><\/div><div class=\"flex_cell no_margin av_one_fourth  avia-builder-el-2  el_after_av_cell_one_fourth  el_before_av_cell_one_fourth   av-zero-padding \"  style='height:15px; min-height:15px;vertical-align:top; padding:0px; background-color:#92bb46; ' ><div class='flex_cell_inner' ><\/div><\/div><div class=\"flex_cell no_margin av_one_fourth  avia-builder-el-3  el_after_av_cell_one_fourth  el_before_av_cell_one_fourth   av-zero-padding \"  style='height:15px; min-height:15px;vertical-align:top; padding:0px; background-color:#acd464; ' ><div class='flex_cell_inner' ><\/div><\/div><div class=\"flex_cell no_margin av_one_fourth  avia-builder-el-4  el_after_av_cell_one_fourth  avia-builder-el-last   av-zero-padding \"  style='height:15px; min-height:15px;vertical-align:top; padding:0px; background-color:#e1fbb2; ' ><div class='flex_cell_inner' ><\/div><\/div>\n<\/div>\n<div id='hello'  class='av-layout-grid-container entry-content-wrapper main_color av-flex-cells     avia-builder-el-5  el_after_av_layout_row  el_before_av_layout_row  submenu-not-first container_wrap sidebar_right' style=' '  >\n<div class=\"flex_cell no_margin av_two_third  avia-builder-el-6  el_before_av_cell_one_third  avia-builder-el-first   \"  style='vertical-align:top; padding:60px 100px 100px 100px ; ' ><div class='flex_cell_inner' ><p><div  style='padding-bottom:30px; font-size:70px;' class='av-special-heading av-special-heading-h1  blockquote modern-quote  avia-builder-el-7  el_before_av_textblock  avia-builder-el-first  av-inherit-size '><h1 class='av-special-heading-tag '  itemprop=\"headline\"  >Haljastamine<\/h1><div class='special-heading-border'><div class='special-heading-inner-border' ><\/div><\/div><\/div><br \/>\n<section class=\"av_textblock_section \"  itemscope=\"itemscope\" itemtype=\"https:\/\/schema.org\/CreativeWork\" ><div class='avia_textblock  '   itemprop=\"text\" ><p>Meilt saab tellida haljastusprojekte v\u00f5i eskiislahendusi ning haljastuse rajamist.<\/p>\n<p>Haljastuse rajamise maht ja hind s\u00f5ltub suuresti sellest, millisel m\u00e4\u00e4ral on vajalik asendada pinnast, ehk mulla kihti ja projekteeritud taimede kogusest. Lisaks ka sellest, kui keerukaks kujuneb rajamist\u00f6\u00f6de teostamine ja istutuskohtadele ligip\u00e4\u00e4s.<\/p>\n<p>Samuti oleneb pinnase planeerimist\u00f6\u00f6de ja mururajamise t\u00f6\u00f6de keerukus sellest, millisel viisil saab tehnikaga rajatavale objektile ligi.\u00a0Krundile ligip\u00e4\u00e4su s\u00e4ilimiseks on soovitav j\u00e4tta uue piirdeaia paigaldamine (v\u00f5i vana asendamine) viimasesse, ehk haljastust\u00f6\u00f6de l\u00f5ppetappi. Nii s\u00e4ilib juurdep\u00e4\u00e4s mulla jm materjalide veoks.<\/p>\n<p>J\u00e4rjest rohkem soovitakse lisaks iluaiale rajada aeda v\u00e4ike maitsetaimede peenar ning ka maitsta oma aia marju ja \u00f5unu. Tasakaal on aias k\u00f5ige olulisem. Puud ja p\u00f5\u00f5sad annavad aiale justkui seinad ja katuse, varjavad meid vajadusel p\u00e4ikese ja tuule eest. Rohttaimed on aga aia k\u00f5ige d\u00fcnaamilisem ja ka hooltn\u00f5udvam osa, kuid nad annavad ka k\u00f5ige kiiremini tulemuse. P\u00fcsikutega haljastatud aed on elav ja d\u00fcnaamiline, seal on putukaid ning ka loomi, mis viitavad \u00f6koloogilisele tasakaalule.<\/p>\n<h2 style=\"text-align: center;\"><\/h2>\n<\/div><\/section><br \/>\n<section class=\"av_textblock_section \"  itemscope=\"itemscope\" itemtype=\"https:\/\/schema.org\/CreativeWork\" ><div class='avia_textblock  '   itemprop=\"text\" ><p style=\"text-align: right;\"><span style=\"color: #808080;\">&#8212; Haljastamine &#8212;<\/span><\/p>\n<p><strong>Haljastust\u00f6\u00f6dena pakume:<\/strong><\/p>\n<ul>\n<li>pinnase planeerimine ja ettevalmistamine\u00a0\u00a0<img loading=\"lazy\" decoding=\"async\" class=\"alignright wp-image-1038 size-medium\" title=\"Haljastamine\" src=\"https:\/\/aiakaar.ee\/wp-content\/uploads\/2017\/10\/Haljastamine-300x300.jpg\" alt=\"Haljastamine\" width=\"300\" height=\"300\" srcset=\"https:\/\/aiakaar.ee\/wp-content\/uploads\/2017\/10\/Haljastamine-300x300.jpg 300w, https:\/\/aiakaar.ee\/wp-content\/uploads\/2017\/10\/Haljastamine-80x80.jpg 80w, https:\/\/aiakaar.ee\/wp-content\/uploads\/2017\/10\/Haljastamine-36x36.jpg 36w, https:\/\/aiakaar.ee\/wp-content\/uploads\/2017\/10\/Haljastamine-180x180.jpg 180w, https:\/\/aiakaar.ee\/wp-content\/uploads\/2017\/10\/Haljastamine.jpg 400w, https:\/\/aiakaar.ee\/wp-content\/uploads\/2017\/10\/Haljastamine-120x120.jpg 120w\" sizes=\"auto, (max-width: 300px) 100vw, 300px\" \/><\/li>\n<li>istutusalade rajamine\u00a0koos substraadi taimede ja multsiga<\/li>\n<li>k\u00f5ik v\u00f5imalikud murut\u00f6\u00f6d<\/li>\n<li>puude, p\u00f5\u00f5saste, hekkide ja lillede istutus<\/li>\n<li>kivit\u00f6\u00f6d, kiviteede rajamine<\/li>\n<li>\u00fcrdia rajamine<\/li>\n<li>kiviktaimla rajamine<\/li>\n<li>konteinerhaljastus ja suvelillede istutamine<\/li>\n<\/ul>\n<p>Kui alles plaanite aia rajamist, on m\u00f5istlik alustada aiaplaani rajajaga koost\u00f6\u00f6d juba varakult. Eriti kasulik on selleks talvine aeg, sest kevadel on tavaliselt k\u00f5igil juba t\u00f6\u00f6d palju. Nii saab aiaplaan enne kevadet k\u00f5iki soove arvestades valmis ja kui maapind v\u00f5imaldab, saab juba hoogsalt alustada rajamist\u00f6\u00f6dega.<\/p>\n<p>Teeme koos Teie aia oman\u00e4oliseks.<\/p>\n<p>Haljastamine on meile hingel\u00e4hedane ja soovime oma t\u00f6\u00f6dega pakuda alati r\u00f5\u00f5mu ja silmailu. Palun tutvu haljastuse <strong><a href=\"https:\/\/aiakaar.ee\/hinnakiri\/\">hinnakirjaga:<\/a><\/strong><\/p>\n<p>Pakume ka transporditeenust, looduslike j\u00e4\u00e4tmete \u00e4ravedu, mulla, graniits\u00f5elmete ja turba vedu. Vaata transpordi v\u00f5imalusi\u00a0<a href=\"https:\/\/bulvar.ee\/auto\/kaubikute-rentimine-renault-master-madel\/\">siit:<\/a><\/p>\n<h2 style=\"text-align: center;\"><\/h2>\n<h2 style=\"text-align: center;\"><\/h2>\n<h3 style=\"text-align: center;\">\u00a0&#8212; Haljastamine &#8212;<\/h3>\n<\/div><\/section><\/p>\n<\/div><\/div><div class=\"flex_cell no_margin av_one_third  avia-builder-el-10  el_after_av_cell_two_third  avia-builder-el-last   avia-full-stretch \"  style='background:url(https:\/\/aiakaar.ee\/wp-content\/uploads\/2016\/05\/healthy-lifestyle-m-1030x687.jpg) center right no-repeat scroll; vertical-align:top; padding:100px; ' ><div class='flex_cell_inner' ><p><div  style='padding-bottom:10px; color:#ffffff;font-size:50px;' class='av-special-heading av-special-heading-h2 custom-color-heading blockquote modern-quote modern-centered  avia-builder-el-11  el_before_av_sidebar  avia-builder-el-first  av-inherit-size '><h2 class='av-special-heading-tag '  itemprop=\"headline\"  >Lisaks pakume<\/h2><div class='special-heading-border'><div class='special-heading-inner-border' style='border-color:#ffffff'><\/div><\/div><\/div><br \/>\n<div  class='avia-builder-widget-area clearfix  avia-builder-el-12  el_after_av_heading  avia-builder-el-last '><div id=\"nav_menu-2\" class=\"widget clearfix widget_nav_menu\"><div class=\"menu-haljastus_rus-container\"><ul id=\"menu-haljastus_rus\" class=\"menu\"><li id=\"menu-item-775\" class=\"menu-item menu-item-type-post_type menu-item-object-page menu-item-775\"><a href=\"https:\/\/aiakaar.ee\/ru\/%d0%bb%d0%b0%d0%bd%d0%b4%d1%88%d0%b0%d1%84%d1%82%d0%bd%d1%8b%d0%b9-%d0%b4%d0%b8%d0%b7%d0%b0%d0%b9%d0%bd-2\/%d1%80%d0%b0%d0%b7%d0%b1%d0%b8%d0%b2%d0%ba%d0%b0-%d0%b3%d0%b0%d0%b7%d0%be%d0%bd%d0%b0\/\">\u0420\u0430\u0437\u0431\u0438\u0432\u043a\u0430 \u0433\u0430\u0437\u043e\u043d\u0430<\/a><\/li>\n<li id=\"menu-item-774\" class=\"menu-item menu-item-type-post_type menu-item-object-page menu-item-774\"><a href=\"https:\/\/aiakaar.ee\/ru\/%d1%82%d1%80%d0%b0%d0%bd%d1%81%d0%bf%d0%be%d1%80%d1%82\/\">\u0422\u0440\u0430\u043d\u0441\u043f\u043e\u0440\u0442<\/a><\/li>\n<li id=\"menu-item-770\" class=\"menu-item menu-item-type-post_type menu-item-object-page menu-item-770\"><a href=\"https:\/\/aiakaar.ee\/ru\/%d1%82%d1%80%d0%b0%d0%bd%d1%81%d0%bf%d0%be%d1%80%d1%82\/\">\u0422\u0440\u0430\u043d\u0441\u043f\u043e\u0440\u0442<\/a><\/li>\n<\/ul><\/div><\/div><\/div><\/p>\n<\/div><\/div><\/div><div id='welcome'  class='av-layout-grid-container entry-content-wrapper main_color av-fixed-cells     avia-builder-el-13  el_after_av_layout_row  el_before_av_section  submenu-not-first container_wrap sidebar_right' style=' '  >\n<div class=\"flex_cell no_margin av_one_fourth  avia-builder-el-14  el_before_av_cell_one_fourth  avia-builder-el-first   av-zero-padding \"  style='height:15px; min-height:15px;vertical-align:top; padding:0px; background-color:#719430; ' ><div class='flex_cell_inner' ><\/div><\/div><div class=\"flex_cell no_margin av_one_fourth  avia-builder-el-15  el_after_av_cell_one_fourth  el_before_av_cell_one_fourth   av-zero-padding \"  style='height:15px; min-height:15px;vertical-align:top; padding:0px; background-color:#92bb46; ' ><div class='flex_cell_inner' ><\/div><\/div><div class=\"flex_cell no_margin av_one_fourth  avia-builder-el-16  el_after_av_cell_one_fourth  el_before_av_cell_one_fourth   av-zero-padding \"  style='height:15px; min-height:15px;vertical-align:top; padding:0px; background-color:#acd464; ' ><div class='flex_cell_inner' ><\/div><\/div><div class=\"flex_cell no_margin av_one_fourth  avia-builder-el-17  el_after_av_cell_one_fourth  avia-builder-el-last   av-zero-padding \"  style='height:15px; min-height:15px;vertical-align:top; padding:0px; background-color:#e1fbb2; ' ><div class='flex_cell_inner' ><\/div><\/div>\n<\/div><\/p>\n<div id='av_section_1'  class='avia-section alternate_color avia-section-huge avia-no-border-styling  avia-full-stretch av-section-color-overlay-active avia-bg-style-fixed  avia-builder-el-18  el_after_av_layout_row  avia-builder-el-last   container_wrap sidebar_right' style='background-repeat: no-repeat; background-image: url(https:\/\/aiakaar.ee\/wp-content\/uploads\/2016\/05\/haljastus2.jpg);background-attachment: fixed; background-position: center center;  '  data-section-bg-repeat='stretch'><div class='av-section-color-overlay-wrap'><div class='av-section-color-overlay' style='opacity: 0.6; background-color: #000000; '><\/div><div class='container' ><div class='template-page content  av-content-small alpha units'><div class='post-entry post-entry-type-page post-entry-648'><div class='entry-content-wrapper clearfix'>\n<div class=\"flex_column av_one_fifth  flex_column_div av-zero-column-padding first  avia-builder-el-19  el_before_av_three_fifth  avia-builder-el-first  \" style='border-radius:0px; '><\/div><div class=\"flex_column av_three_fifth  flex_column_div av-zero-column-padding   avia-builder-el-20  el_after_av_one_fifth  el_before_av_one_fifth  \" style='border-radius:0px; '><p><div  style='padding-bottom:20px; font-size:50px;' class='av-special-heading av-special-heading-h2  blockquote modern-quote modern-centered  avia-builder-el-21  el_before_av_hr  avia-builder-el-first  av-inherit-size '><h2 class='av-special-heading-tag '  itemprop=\"headline\"  >K\u00fcsi julgelt haljastamise kohta lisa<\/h2><div class='special-heading-border'><div class='special-heading-inner-border' ><\/div><\/div><\/div><br \/>\n<div  style='height:20px' class='hr hr-invisible   avia-builder-el-22  el_after_av_heading  el_before_av_button '><span class='hr-inner ' ><span class='hr-inner-style'><\/span><\/span><\/div><br \/>\n<div  class='avia-button-wrap avia-button-center  avia-builder-el-23  el_after_av_hr  avia-builder-el-last ' ><a href='https:\/\/aiakaar.ee\/google_maps\/'  class='avia-button av-icon-on-hover avia-color-light   avia-icon_select-yes-right-icon avia-size-large avia-position-center '   ><span class='avia_iconbox_title' >Kontakteeru<\/span><span class='avia_button_icon avia_button_icon_right' aria-hidden='true' data-av_icon='\ue879' data-av_iconfont='entypo-fontello'><\/span><\/a><\/div><\/p><\/div><div class=\"flex_column av_one_fifth  flex_column_div av-zero-column-padding   avia-builder-el-24  el_after_av_three_fifth  avia-builder-el-last  \" style='border-radius:0px; '><\/div>\n<\/div><\/div><\/div><!-- close content main div --><\/div><\/div><\/div><div id='after_section_1'  class='main_color av_default_container_wrap container_wrap sidebar_right' style=' '  ><div class='container' ><div class='template-page content  av-content-small alpha units'><div class='post-entry post-entry-type-page post-entry-648'><div class='entry-content-wrapper clearfix'>\n","protected":false},"excerpt":{"rendered":"","protected":false},"author":1,"featured_media":0,"parent":627,"menu_order":1,"comment_status":"closed","ping_status":"closed","template":"","meta":{"footnotes":""},"class_list":["post-648","page","type-page","status-publish","hentry"],"yoast_head":"<!-- This site is optimized with the Yoast SEO plugin v26.6 - https:\/\/yoast.com\/wordpress\/plugins\/seo\/ -->\n<title>Haljastamine - Aiakaar - Haljastus Tallinnas Pirital Haabneemes<\/title>\n<meta name=\"description\" content=\"Haljastamine - t\u00f6\u00f6d: pinnase planeerimine murut\u00f6\u00f6d, istutusalade rajamine, puude, p\u00f5\u00f5saste, hekkide, lillede istutus, kiviteede rajamine, konteinerhaljastus\" \/>\n<meta name=\"robots\" content=\"index, follow, max-snippet:-1, max-image-preview:large, max-video-preview:-1\" \/>\n<link rel=\"canonical\" href=\"https:\/\/aiakaar.ee\/\u043b\u0430\u043d\u0434\u0448\u0430\u0444\u0442\u043d\u044b\u0439-\u0434\u0438\u0437\u0430\u0439\u043d-3\/haljastamine\/\" \/>\n<meta property=\"og:locale\" content=\"ru_RU\" \/>\n<meta property=\"og:type\" content=\"article\" \/>\n<meta property=\"og:title\" content=\"Haljastamine - Aiakaar - Haljastus Tallinnas Pirital Haabneemes\" \/>\n<meta property=\"og:description\" content=\"Haljastamine - t\u00f6\u00f6d: pinnase planeerimine murut\u00f6\u00f6d, istutusalade rajamine, puude, p\u00f5\u00f5saste, hekkide, lillede istutus, kiviteede rajamine, konteinerhaljastus\" \/>\n<meta property=\"og:url\" content=\"https:\/\/aiakaar.ee\/\u043b\u0430\u043d\u0434\u0448\u0430\u0444\u0442\u043d\u044b\u0439-\u0434\u0438\u0437\u0430\u0439\u043d-3\/haljastamine\/\" \/>\n<meta property=\"og:site_name\" content=\"Aiakaar - Haljastus Tallinnas Pirital Haabneemes\" \/>\n<meta property=\"article:modified_time\" content=\"2020-01-16T17:12:47+00:00\" \/>\n<meta property=\"og:image\" content=\"https:\/\/aiakaar.ee\/wp-content\/uploads\/2017\/10\/Haljastamine-300x300.jpg\" \/>\n<meta name=\"twitter:card\" content=\"summary_large_image\" \/>\n<meta name=\"twitter:label1\" content=\"\u041f\u0440\u0438\u043c\u0435\u0440\u043d\u043e\u0435 \u0432\u0440\u0435\u043c\u044f \u0434\u043b\u044f \u0447\u0442\u0435\u043d\u0438\u044f\" \/>\n\t<meta name=\"twitter:data1\" content=\"7 \u043c\u0438\u043d\u0443\u0442\" \/>\n<script type=\"application\/ld+json\" class=\"yoast-schema-graph\">{\"@context\":\"https:\/\/schema.org\",\"@graph\":[{\"@type\":\"WebPage\",\"@id\":\"https:\/\/aiakaar.ee\/%d0%bb%d0%b0%d0%bd%d0%b4%d1%88%d0%b0%d1%84%d1%82%d0%bd%d1%8b%d0%b9-%d0%b4%d0%b8%d0%b7%d0%b0%d0%b9%d0%bd-3\/haljastamine\/\",\"url\":\"https:\/\/aiakaar.ee\/%d0%bb%d0%b0%d0%bd%d0%b4%d1%88%d0%b0%d1%84%d1%82%d0%bd%d1%8b%d0%b9-%d0%b4%d0%b8%d0%b7%d0%b0%d0%b9%d0%bd-3\/haljastamine\/\",\"name\":\"Haljastamine - Aiakaar - Haljastus Tallinnas Pirital Haabneemes\",\"isPartOf\":{\"@id\":\"https:\/\/aiakaar.ee\/#website\"},\"primaryImageOfPage\":{\"@id\":\"https:\/\/aiakaar.ee\/%d0%bb%d0%b0%d0%bd%d0%b4%d1%88%d0%b0%d1%84%d1%82%d0%bd%d1%8b%d0%b9-%d0%b4%d0%b8%d0%b7%d0%b0%d0%b9%d0%bd-3\/haljastamine\/#primaryimage\"},\"image\":{\"@id\":\"https:\/\/aiakaar.ee\/%d0%bb%d0%b0%d0%bd%d0%b4%d1%88%d0%b0%d1%84%d1%82%d0%bd%d1%8b%d0%b9-%d0%b4%d0%b8%d0%b7%d0%b0%d0%b9%d0%bd-3\/haljastamine\/#primaryimage\"},\"thumbnailUrl\":\"https:\/\/aiakaar.ee\/wp-content\/uploads\/2017\/10\/Haljastamine-300x300.jpg\",\"datePublished\":\"2017-10-24T13:10:28+00:00\",\"dateModified\":\"2020-01-16T17:12:47+00:00\",\"description\":\"Haljastamine - t\u00f6\u00f6d: pinnase planeerimine murut\u00f6\u00f6d, istutusalade rajamine, puude, p\u00f5\u00f5saste, hekkide, lillede istutus, kiviteede rajamine, konteinerhaljastus\",\"breadcrumb\":{\"@id\":\"https:\/\/aiakaar.ee\/%d0%bb%d0%b0%d0%bd%d0%b4%d1%88%d0%b0%d1%84%d1%82%d0%bd%d1%8b%d0%b9-%d0%b4%d0%b8%d0%b7%d0%b0%d0%b9%d0%bd-3\/haljastamine\/#breadcrumb\"},\"inLanguage\":\"ru-RU\",\"potentialAction\":[{\"@type\":\"ReadAction\",\"target\":[\"https:\/\/aiakaar.ee\/%d0%bb%d0%b0%d0%bd%d0%b4%d1%88%d0%b0%d1%84%d1%82%d0%bd%d1%8b%d0%b9-%d0%b4%d0%b8%d0%b7%d0%b0%d0%b9%d0%bd-3\/haljastamine\/\"]}]},{\"@type\":\"ImageObject\",\"inLanguage\":\"ru-RU\",\"@id\":\"https:\/\/aiakaar.ee\/%d0%bb%d0%b0%d0%bd%d0%b4%d1%88%d0%b0%d1%84%d1%82%d0%bd%d1%8b%d0%b9-%d0%b4%d0%b8%d0%b7%d0%b0%d0%b9%d0%bd-3\/haljastamine\/#primaryimage\",\"url\":\"https:\/\/aiakaar.ee\/wp-content\/uploads\/2017\/10\/Haljastamine-300x300.jpg\",\"contentUrl\":\"https:\/\/aiakaar.ee\/wp-content\/uploads\/2017\/10\/Haljastamine-300x300.jpg\"},{\"@type\":\"BreadcrumbList\",\"@id\":\"https:\/\/aiakaar.ee\/%d0%bb%d0%b0%d0%bd%d0%b4%d1%88%d0%b0%d1%84%d1%82%d0%bd%d1%8b%d0%b9-%d0%b4%d0%b8%d0%b7%d0%b0%d0%b9%d0%bd-3\/haljastamine\/#breadcrumb\",\"itemListElement\":[{\"@type\":\"ListItem\",\"position\":1,\"name\":\"Home\",\"item\":\"https:\/\/aiakaar.ee\/o%d0%b7%d0%b5%d0%bb%d0%b5%d0%bd%d0%b5%d0%bd%d0%b8%d0%b5\/\"},{\"@type\":\"ListItem\",\"position\":2,\"name\":\"\u043b\u0430\u043d\u0434\u0448\u0430\u0444\u0442\u043d\u044b\u0439 \u0434\u0438\u0437\u0430\u0439\u043d\",\"item\":\"https:\/\/aiakaar.ee\/%d0%bb%d0%b0%d0%bd%d0%b4%d1%88%d0%b0%d1%84%d1%82%d0%bd%d1%8b%d0%b9-%d0%b4%d0%b8%d0%b7%d0%b0%d0%b9%d0%bd-3\/\"},{\"@type\":\"ListItem\",\"position\":3,\"name\":\"Haljastamine\"}]},{\"@type\":\"WebSite\",\"@id\":\"https:\/\/aiakaar.ee\/#website\",\"url\":\"https:\/\/aiakaar.ee\/\",\"name\":\"Aiakaar - Haljastus Tallinnas Pirital Haabneemes\",\"description\":\"Haljastus\",\"potentialAction\":[{\"@type\":\"SearchAction\",\"target\":{\"@type\":\"EntryPoint\",\"urlTemplate\":\"https:\/\/aiakaar.ee\/?s={search_term_string}\"},\"query-input\":{\"@type\":\"PropertyValueSpecification\",\"valueRequired\":true,\"valueName\":\"search_term_string\"}}],\"inLanguage\":\"ru-RU\"}]}<\/script>\n<!-- \/ Yoast SEO plugin. -->","yoast_head_json":{"title":"Haljastamine - Aiakaar - Haljastus Tallinnas Pirital Haabneemes","description":"Haljastamine - t\u00f6\u00f6d: pinnase planeerimine murut\u00f6\u00f6d, istutusalade rajamine, puude, p\u00f5\u00f5saste, hekkide, lillede istutus, kiviteede rajamine, konteinerhaljastus","robots":{"index":"index","follow":"follow","max-snippet":"max-snippet:-1","max-image-preview":"max-image-preview:large","max-video-preview":"max-video-preview:-1"},"canonical":"https:\/\/aiakaar.ee\/\u043b\u0430\u043d\u0434\u0448\u0430\u0444\u0442\u043d\u044b\u0439-\u0434\u0438\u0437\u0430\u0439\u043d-3\/haljastamine\/","og_locale":"ru_RU","og_type":"article","og_title":"Haljastamine - Aiakaar - Haljastus Tallinnas Pirital Haabneemes","og_description":"Haljastamine - t\u00f6\u00f6d: pinnase planeerimine murut\u00f6\u00f6d, istutusalade rajamine, puude, p\u00f5\u00f5saste, hekkide, lillede istutus, kiviteede rajamine, konteinerhaljastus","og_url":"https:\/\/aiakaar.ee\/\u043b\u0430\u043d\u0434\u0448\u0430\u0444\u0442\u043d\u044b\u0439-\u0434\u0438\u0437\u0430\u0439\u043d-3\/haljastamine\/","og_site_name":"Aiakaar - Haljastus Tallinnas Pirital Haabneemes","article_modified_time":"2020-01-16T17:12:47+00:00","og_image":[{"url":"https:\/\/aiakaar.ee\/wp-content\/uploads\/2017\/10\/Haljastamine-300x300.jpg","type":"","width":"","height":""}],"twitter_card":"summary_large_image","twitter_misc":{"\u041f\u0440\u0438\u043c\u0435\u0440\u043d\u043e\u0435 \u0432\u0440\u0435\u043c\u044f \u0434\u043b\u044f \u0447\u0442\u0435\u043d\u0438\u044f":"7 \u043c\u0438\u043d\u0443\u0442"},"schema":{"@context":"https:\/\/schema.org","@graph":[{"@type":"WebPage","@id":"https:\/\/aiakaar.ee\/%d0%bb%d0%b0%d0%bd%d0%b4%d1%88%d0%b0%d1%84%d1%82%d0%bd%d1%8b%d0%b9-%d0%b4%d0%b8%d0%b7%d0%b0%d0%b9%d0%bd-3\/haljastamine\/","url":"https:\/\/aiakaar.ee\/%d0%bb%d0%b0%d0%bd%d0%b4%d1%88%d0%b0%d1%84%d1%82%d0%bd%d1%8b%d0%b9-%d0%b4%d0%b8%d0%b7%d0%b0%d0%b9%d0%bd-3\/haljastamine\/","name":"Haljastamine - Aiakaar - Haljastus Tallinnas Pirital Haabneemes","isPartOf":{"@id":"https:\/\/aiakaar.ee\/#website"},"primaryImageOfPage":{"@id":"https:\/\/aiakaar.ee\/%d0%bb%d0%b0%d0%bd%d0%b4%d1%88%d0%b0%d1%84%d1%82%d0%bd%d1%8b%d0%b9-%d0%b4%d0%b8%d0%b7%d0%b0%d0%b9%d0%bd-3\/haljastamine\/#primaryimage"},"image":{"@id":"https:\/\/aiakaar.ee\/%d0%bb%d0%b0%d0%bd%d0%b4%d1%88%d0%b0%d1%84%d1%82%d0%bd%d1%8b%d0%b9-%d0%b4%d0%b8%d0%b7%d0%b0%d0%b9%d0%bd-3\/haljastamine\/#primaryimage"},"thumbnailUrl":"https:\/\/aiakaar.ee\/wp-content\/uploads\/2017\/10\/Haljastamine-300x300.jpg","datePublished":"2017-10-24T13:10:28+00:00","dateModified":"2020-01-16T17:12:47+00:00","description":"Haljastamine - t\u00f6\u00f6d: pinnase planeerimine murut\u00f6\u00f6d, istutusalade rajamine, puude, p\u00f5\u00f5saste, hekkide, lillede istutus, kiviteede rajamine, konteinerhaljastus","breadcrumb":{"@id":"https:\/\/aiakaar.ee\/%d0%bb%d0%b0%d0%bd%d0%b4%d1%88%d0%b0%d1%84%d1%82%d0%bd%d1%8b%d0%b9-%d0%b4%d0%b8%d0%b7%d0%b0%d0%b9%d0%bd-3\/haljastamine\/#breadcrumb"},"inLanguage":"ru-RU","potentialAction":[{"@type":"ReadAction","target":["https:\/\/aiakaar.ee\/%d0%bb%d0%b0%d0%bd%d0%b4%d1%88%d0%b0%d1%84%d1%82%d0%bd%d1%8b%d0%b9-%d0%b4%d0%b8%d0%b7%d0%b0%d0%b9%d0%bd-3\/haljastamine\/"]}]},{"@type":"ImageObject","inLanguage":"ru-RU","@id":"https:\/\/aiakaar.ee\/%d0%bb%d0%b0%d0%bd%d0%b4%d1%88%d0%b0%d1%84%d1%82%d0%bd%d1%8b%d0%b9-%d0%b4%d0%b8%d0%b7%d0%b0%d0%b9%d0%bd-3\/haljastamine\/#primaryimage","url":"https:\/\/aiakaar.ee\/wp-content\/uploads\/2017\/10\/Haljastamine-300x300.jpg","contentUrl":"https:\/\/aiakaar.ee\/wp-content\/uploads\/2017\/10\/Haljastamine-300x300.jpg"},{"@type":"BreadcrumbList","@id":"https:\/\/aiakaar.ee\/%d0%bb%d0%b0%d0%bd%d0%b4%d1%88%d0%b0%d1%84%d1%82%d0%bd%d1%8b%d0%b9-%d0%b4%d0%b8%d0%b7%d0%b0%d0%b9%d0%bd-3\/haljastamine\/#breadcrumb","itemListElement":[{"@type":"ListItem","position":1,"name":"Home","item":"https:\/\/aiakaar.ee\/o%d0%b7%d0%b5%d0%bb%d0%b5%d0%bd%d0%b5%d0%bd%d0%b8%d0%b5\/"},{"@type":"ListItem","position":2,"name":"\u043b\u0430\u043d\u0434\u0448\u0430\u0444\u0442\u043d\u044b\u0439 \u0434\u0438\u0437\u0430\u0439\u043d","item":"https:\/\/aiakaar.ee\/%d0%bb%d0%b0%d0%bd%d0%b4%d1%88%d0%b0%d1%84%d1%82%d0%bd%d1%8b%d0%b9-%d0%b4%d0%b8%d0%b7%d0%b0%d0%b9%d0%bd-3\/"},{"@type":"ListItem","position":3,"name":"Haljastamine"}]},{"@type":"WebSite","@id":"https:\/\/aiakaar.ee\/#website","url":"https:\/\/aiakaar.ee\/","name":"Aiakaar - Haljastus Tallinnas Pirital Haabneemes","description":"Haljastus","potentialAction":[{"@type":"SearchAction","target":{"@type":"EntryPoint","urlTemplate":"https:\/\/aiakaar.ee\/?s={search_term_string}"},"query-input":{"@type":"PropertyValueSpecification","valueRequired":true,"valueName":"search_term_string"}}],"inLanguage":"ru-RU"}]}},"_links":{"self":[{"href":"https:\/\/aiakaar.ee\/ru\/wp-json\/wp\/v2\/pages\/648","targetHints":{"allow":["GET"]}}],"collection":[{"href":"https:\/\/aiakaar.ee\/ru\/wp-json\/wp\/v2\/pages"}],"about":[{"href":"https:\/\/aiakaar.ee\/ru\/wp-json\/wp\/v2\/types\/page"}],"author":[{"embeddable":true,"href":"https:\/\/aiakaar.ee\/ru\/wp-json\/wp\/v2\/users\/1"}],"replies":[{"embeddable":true,"href":"https:\/\/aiakaar.ee\/ru\/wp-json\/wp\/v2\/comments?post=648"}],"version-history":[{"count":18,"href":"https:\/\/aiakaar.ee\/ru\/wp-json\/wp\/v2\/pages\/648\/revisions"}],"predecessor-version":[{"id":2354,"href":"https:\/\/aiakaar.ee\/ru\/wp-json\/wp\/v2\/pages\/648\/revisions\/2354"}],"up":[{"embeddable":true,"href":"https:\/\/aiakaar.ee\/ru\/wp-json\/wp\/v2\/pages\/627"}],"wp:attachment":[{"href":"https:\/\/aiakaar.ee\/ru\/wp-json\/wp\/v2\/media?parent=648"}],"curies":[{"name":"wp","href":"https:\/\/api.w.org\/{rel}","templated":true}]}}