{"id":652,"date":"2017-11-02T11:25:23","date_gmt":"2017-11-02T09:25:23","guid":{"rendered":"http:\/\/aiakaar.ee\/ru\/hooldustood\/"},"modified":"2017-11-15T10:03:21","modified_gmt":"2017-11-15T08:03:21","slug":"%d0%bb%d0%b0%d0%bd%d0%b4%d1%88%d0%b0%d1%84%d1%82%d0%bd%d1%8b%d0%b9-%d0%b4%d0%b8%d0%b7%d0%b0%d0%b9%d0%bd-2","status":"publish","type":"page","link":"https:\/\/aiakaar.ee\/ru\/%d0%bb%d0%b0%d0%bd%d0%b4%d1%88%d0%b0%d1%84%d1%82%d0%bd%d1%8b%d0%b9-%d0%b4%d0%b8%d0%b7%d0%b0%d0%b9%d0%bd-2\/","title":{"rendered":"\u043b\u0430\u043d\u0434\u0448\u0430\u0444\u0442\u043d\u044b\u0439 \u0434\u0438\u0437\u0430\u0439\u043d"},"content":{"rendered":"<div id='welcome'  class='av-layout-grid-container entry-content-wrapper main_color av-fixed-cells     avia-builder-el-0  el_before_av_layout_row  avia-builder-el-first  container_wrap sidebar_right' style=' '  >\n<div class=\"flex_cell no_margin av_one_fourth  avia-builder-el-1  el_before_av_cell_one_fourth  avia-builder-el-first   av-zero-padding \"  style='height:15px; min-height:15px;vertical-align:top; padding:0px; background-color:#719430; ' ><div class='flex_cell_inner' ><\/div><\/div><div class=\"flex_cell no_margin av_one_fourth  avia-builder-el-2  el_after_av_cell_one_fourth  el_before_av_cell_one_fourth   av-zero-padding \"  style='height:15px; min-height:15px;vertical-align:top; padding:0px; background-color:#92bb46; ' ><div class='flex_cell_inner' ><\/div><\/div><div class=\"flex_cell no_margin av_one_fourth  avia-builder-el-3  el_after_av_cell_one_fourth  el_before_av_cell_one_fourth   av-zero-padding \"  style='height:15px; min-height:15px;vertical-align:top; padding:0px; background-color:#acd464; ' ><div class='flex_cell_inner' ><\/div><\/div><div class=\"flex_cell no_margin av_one_fourth  avia-builder-el-4  el_after_av_cell_one_fourth  avia-builder-el-last   av-zero-padding \"  style='height:15px; min-height:15px;vertical-align:top; padding:0px; background-color:#e1fbb2; ' ><div class='flex_cell_inner' ><\/div><\/div>\n<\/div>\n<div id='hello'  class='av-layout-grid-container entry-content-wrapper main_color av-flex-cells     avia-builder-el-5  el_after_av_layout_row  el_before_av_layout_row  submenu-not-first container_wrap sidebar_right' style=' '  >\n<div class=\"flex_cell no_margin av_two_third  avia-builder-el-6  el_before_av_cell_one_third  avia-builder-el-first   \"  style='vertical-align:top; padding:60px 100px 100px 100px ; ' ><div class='flex_cell_inner' ><p><div  style='padding-bottom:30px; font-size:70px;' class='av-special-heading av-special-heading-h1  blockquote modern-quote  avia-builder-el-7  el_before_av_textblock  avia-builder-el-first  av-inherit-size '><h1 class='av-special-heading-tag '  itemprop=\"headline\"  >Hooldust\u00f6\u00f6d<\/h1><div class='special-heading-border'><div class='special-heading-inner-border' ><\/div><\/div><\/div><br \/>\n<section class=\"av_textblock_section \"  itemscope=\"itemscope\" itemtype=\"https:\/\/schema.org\/CreativeWork\" ><div class='avia_textblock  '   itemprop=\"text\" ><p>Peale aia rajamist on soovitav tellida aastane garantiihooldus, mille k\u00e4igus likvideerime v\u00f5imalikud pisivead ja j\u00e4lgime taimede kasvu, et vajadusel \u00f5igeaegselt sekkuda.<br \/>\nAedade hooldusena pakume hooajalist komplekshooldust (kevadest s\u00fcgiseni) v\u00f5i \u00fchekordset teenust.<\/p>\n<p>Puude oksad on kasvanud meile mitte sobivas suunas? Me v\u00f5ime okste kasvusuunda muuta, seda, kas n\u00f6\u00f6riga sidudes v\u00f5i okstele raskuste kinnitamise abil. Teeme puudele, p\u00f5\u00f5sastele ja hekkidele\u00a0 vormi- ning noorendusl\u00f5ikusi.<\/p>\n<p>Kui p\u00f5\u00f5sad arenevad peale istutamist esimestel aastatel eba\u00fchtlaselt, saab nende kasvu reguleerida liiga j\u00f5udsalt kasvanud okste tagasil\u00f5ikamisega. Esmasena l\u00f5igatakse v\u00e4lja kuivanud ja \u00e4ravajunud oksad. L\u00f5ikamise aeg s\u00f5ltub, millal arenevad eri liikidel \u00f5iepungad.<\/p>\n<p>Pakume aia riisumist , \u00f5hutamist ja muru parandamist\u00f6id. Rohime ja servame\u00a0 istutusalasid, v\u00e4etame taimed neile sobiva kompleksv\u00e4etisega,\u00a0 vajadusel\u00a0 katame istutusalad m\u00e4nnikoore-\u00a0 v\u00f5i\u00a0 killustik- mult\u0161iga,<\/p>\n<p>Kui k\u00e4rbid m\u00e4gim\u00e4nnil korrap\u00e4raselt k\u00f5iki uusi v\u00f5rseid \u2013 saad tihedama ja kaharama puu.<\/p>\n<p>Teostame hekkide ja p\u00f5\u00f5saste hooldusl\u00f5ikust.<\/p>\n<p>Okaspuude heki p\u00fcgamiseks on tavaliselt sobiv varakevad v\u00f5i s\u00fcgisepoole p\u00e4rast kasvu l\u00f5ppu. P\u00fcgatakse kord aastas v\u00f5i harvem, olenevalt liigist ja kasvusuurusest.<\/p>\n<p>P\u00f5\u00f5saste regulaarsed hooldusl\u00f5ikused ja harvendamine, mille k\u00e4igus eemaldatakse vanemad ja kuivanud ning n\u00f5rga eluj\u00f5uga oksad, m\u00f5juvad positiivselt enamustele ilup\u00f5\u00f5sastele.<\/p>\n<p>Noorendusl\u00f5ikusi tehakse kui p\u00f5\u00f5sad minetavad oma v\u00e4limuse ja j\u00e4\u00e4vad altpoolt h\u00f5redaks. Kuni kolmandik vanu oksi l\u00f5igatakse igal aastal v\u00e4lja (p\u00e4rg-) enelatel, kontpuudel, p\u00f5\u00f5sasmaranatel ja s\u00f5stardel. Kibuvitsa v\u00f5iks paari aasta\u00a0j\u00e4rel l\u00f5igata tagasi u 10-15 cm maapinnast.\u00a0 Samuti tuleks iga-aastaselt tagasi l\u00f5igata tuhkpuid, see paneb nad paremini hargnema.<\/p>\n<p>Rododendroneid v\u00e4eta \u00f5itsemise ajal, sellel ajal tuleb neid ka v\u00e4ga hoolikalt kasta. Rododendonite all olev maapind, ehk aiaturvas kata m\u00e4nniokaste v\u00f5i m\u00e4nnikooremult\u0161iga.\u00a0Tuhkurenelal l\u00f5ika p\u00e4rast \u00f5itsemist \u00e4ra \u00f5itsenud v\u00f5rsed.<\/p>\n<p style=\"text-align: right;\"><a href=\"https:\/\/aiakaar.ee\/aiakaar\/\">Tagasi avalehele:<\/a><\/p>\n<h2 style=\"text-align: center;\"><\/h2>\n<h2 style=\"text-align: center;\">&#8212; Hooldust\u00f6\u00f6d &#8212;<\/h2>\n<\/div><\/section><br \/>\n<div  class='avia-image-container  av-styling-    avia-builder-el-9  el_after_av_textblock  avia-builder-el-last  avia-align-center '  itemprop=\"image\" itemscope=\"itemscope\" itemtype=\"https:\/\/schema.org\/ImageObject\"  ><div class='avia-image-container-inner'><div class='avia-image-overlay-wrap'><img class='wp-image-2038 avia-img-lazy-loading-not-2038 avia_image' src='https:\/\/aiakaar.ee\/wp-content\/uploads\/2017\/11\/Mainten.-300x147.jpg' alt='' title='Hooldust\u00f6\u00f6d' height=\"147\" width=\"300\"  itemprop=\"thumbnailUrl\"  \/><\/div><\/div><\/div><\/p>\n<\/div><\/div><div class=\"flex_cell no_margin av_one_third  avia-builder-el-10  el_after_av_cell_two_third  avia-builder-el-last   avia-full-stretch \"  style='background:url(https:\/\/aiakaar.ee\/wp-content\/uploads\/2016\/05\/healthy-lifestyle-m-1030x687.jpg) center right no-repeat scroll; vertical-align:top; padding:100px; ' ><div class='flex_cell_inner' ><p><div  style='padding-bottom:10px; color:#ffffff;font-size:50px;' class='av-special-heading av-special-heading-h2 custom-color-heading blockquote modern-quote modern-centered  avia-builder-el-11  el_before_av_sidebar  avia-builder-el-first  av-inherit-size '><h2 class='av-special-heading-tag '  itemprop=\"headline\"  >Lisaks pakume<\/h2><div class='special-heading-border'><div class='special-heading-inner-border' style='border-color:#ffffff'><\/div><\/div><\/div><br \/>\n<div  class='avia-builder-widget-area clearfix  avia-builder-el-12  el_after_av_heading  avia-builder-el-last '><div id=\"nav_menu-2\" class=\"widget clearfix widget_nav_menu\"><div class=\"menu-haljastus_rus-container\"><ul id=\"menu-haljastus_rus\" class=\"menu\"><li id=\"menu-item-775\" class=\"menu-item menu-item-type-post_type menu-item-object-page menu-item-775\"><a href=\"https:\/\/aiakaar.ee\/ru\/%d0%bb%d0%b0%d0%bd%d0%b4%d1%88%d0%b0%d1%84%d1%82%d0%bd%d1%8b%d0%b9-%d0%b4%d0%b8%d0%b7%d0%b0%d0%b9%d0%bd-2\/%d1%80%d0%b0%d0%b7%d0%b1%d0%b8%d0%b2%d0%ba%d0%b0-%d0%b3%d0%b0%d0%b7%d0%be%d0%bd%d0%b0\/\">\u0420\u0430\u0437\u0431\u0438\u0432\u043a\u0430 \u0433\u0430\u0437\u043e\u043d\u0430<\/a><\/li>\n<li id=\"menu-item-774\" class=\"menu-item menu-item-type-post_type menu-item-object-page menu-item-774\"><a href=\"https:\/\/aiakaar.ee\/ru\/%d1%82%d1%80%d0%b0%d0%bd%d1%81%d0%bf%d0%be%d1%80%d1%82\/\">\u0422\u0440\u0430\u043d\u0441\u043f\u043e\u0440\u0442<\/a><\/li>\n<li id=\"menu-item-770\" class=\"menu-item menu-item-type-post_type menu-item-object-page menu-item-770\"><a href=\"https:\/\/aiakaar.ee\/ru\/%d1%82%d1%80%d0%b0%d0%bd%d1%81%d0%bf%d0%be%d1%80%d1%82\/\">\u0422\u0440\u0430\u043d\u0441\u043f\u043e\u0440\u0442<\/a><\/li>\n<\/ul><\/div><\/div><\/div><\/p>\n<\/div><\/div><\/div><div id='welcome'  class='av-layout-grid-container entry-content-wrapper main_color av-fixed-cells     avia-builder-el-13  el_after_av_layout_row  el_before_av_section  submenu-not-first container_wrap sidebar_right' style=' '  >\n<div class=\"flex_cell no_margin av_one_fourth  avia-builder-el-14  el_before_av_cell_one_fourth  avia-builder-el-first   av-zero-padding \"  style='height:15px; min-height:15px;vertical-align:top; padding:0px; background-color:#719430; ' ><div class='flex_cell_inner' ><\/div><\/div><div class=\"flex_cell no_margin av_one_fourth  avia-builder-el-15  el_after_av_cell_one_fourth  el_before_av_cell_one_fourth   av-zero-padding \"  style='height:15px; min-height:15px;vertical-align:top; padding:0px; background-color:#92bb46; ' ><div class='flex_cell_inner' ><\/div><\/div><div class=\"flex_cell no_margin av_one_fourth  avia-builder-el-16  el_after_av_cell_one_fourth  el_before_av_cell_one_fourth   av-zero-padding \"  style='height:15px; min-height:15px;vertical-align:top; padding:0px; background-color:#acd464; ' ><div class='flex_cell_inner' ><\/div><\/div><div class=\"flex_cell no_margin av_one_fourth  avia-builder-el-17  el_after_av_cell_one_fourth  avia-builder-el-last   av-zero-padding \"  style='height:15px; min-height:15px;vertical-align:top; padding:0px; background-color:#e1fbb2; ' ><div class='flex_cell_inner' ><\/div><\/div>\n<\/div><\/p>\n<div id='av_section_1'  class='avia-section alternate_color avia-section-huge avia-no-border-styling  avia-full-stretch av-section-color-overlay-active avia-bg-style-fixed  avia-builder-el-18  el_after_av_layout_row  avia-builder-el-last   container_wrap sidebar_right' style='background-repeat: no-repeat; background-image: url(https:\/\/aiakaar.ee\/wp-content\/uploads\/2016\/05\/haljastus2.jpg);background-attachment: fixed; background-position: center center;  '  data-section-bg-repeat='stretch'><div class='av-section-color-overlay-wrap'><div class='av-section-color-overlay' style='opacity: 0.6; background-color: #000000; '><\/div><div class='container' ><div class='template-page content  av-content-small alpha units'><div class='post-entry post-entry-type-page post-entry-652'><div class='entry-content-wrapper clearfix'>\n<div class=\"flex_column av_one_fifth  flex_column_div av-zero-column-padding first  avia-builder-el-19  el_before_av_three_fifth  avia-builder-el-first  \" style='border-radius:0px; '><\/div><div class=\"flex_column av_three_fifth  flex_column_div av-zero-column-padding   avia-builder-el-20  el_after_av_one_fifth  el_before_av_one_fifth  \" style='border-radius:0px; '><p><div  style='padding-bottom:20px; font-size:50px;' class='av-special-heading av-special-heading-h2  blockquote modern-quote modern-centered  avia-builder-el-21  el_before_av_hr  avia-builder-el-first  av-inherit-size '><h2 class='av-special-heading-tag '  itemprop=\"headline\"  >V\u00f5tke meiega \u00fchendust<\/h2><div class='special-heading-border'><div class='special-heading-inner-border' ><\/div><\/div><\/div><br \/>\n<div  style='height:20px' class='hr hr-invisible   avia-builder-el-22  el_after_av_heading  el_before_av_button '><span class='hr-inner ' ><span class='hr-inner-style'><\/span><\/span><\/div><br \/>\n<div  class='avia-button-wrap avia-button-center  avia-builder-el-23  el_after_av_hr  avia-builder-el-last ' ><a href='https:\/\/aiakaar.ee\/google_maps\/'  class='avia-button av-icon-on-hover avia-color-light   avia-icon_select-yes-right-icon avia-size-large avia-position-center '   ><span class='avia_iconbox_title' >Kontakteeru<\/span><span class='avia_button_icon avia_button_icon_right' aria-hidden='true' data-av_icon='\ue879' data-av_iconfont='entypo-fontello'><\/span><\/a><\/div><\/p><\/div><div class=\"flex_column av_one_fifth  flex_column_div av-zero-column-padding   avia-builder-el-24  el_after_av_three_fifth  avia-builder-el-last  \" style='border-radius:0px; '><\/div>\n<\/div><\/div><\/div><!-- close content main div --><\/div><\/div><\/div><div id='after_section_1'  class='main_color av_default_container_wrap container_wrap sidebar_right' style=' '  ><div class='container' ><div class='template-page content  av-content-small alpha units'><div class='post-entry post-entry-type-page post-entry-652'><div class='entry-content-wrapper clearfix'>\n","protected":false},"excerpt":{"rendered":"","protected":false},"author":1,"featured_media":0,"parent":0,"menu_order":0,"comment_status":"closed","ping_status":"closed","template":"","meta":{"footnotes":""},"class_list":["post-652","page","type-page","status-publish","hentry"],"yoast_head":"<!-- This site is optimized with the Yoast SEO plugin v26.6 - https:\/\/yoast.com\/wordpress\/plugins\/seo\/ -->\n<title>\u043b\u0430\u043d\u0434\u0448\u0430\u0444\u0442\u043d\u044b\u0439 \u0434\u0438\u0437\u0430\u0439\u043d - Aiakaar - Haljastus Tallinnas Pirital Haabneemes<\/title>\n<meta name=\"description\" content=\"Aedade hooldusena pakume hooajalist komplekshooldust v\u00f5i \u00fchekordset teenust. Teostame hekkide ja p\u00f5\u00f5saste hooldusl\u00f5ikusi ja noorendusl\u00f5ikusi.\" \/>\n<meta name=\"robots\" content=\"index, follow, max-snippet:-1, max-image-preview:large, max-video-preview:-1\" \/>\n<link rel=\"canonical\" href=\"https:\/\/aiakaar.ee\/\u043b\u0430\u043d\u0434\u0448\u0430\u0444\u0442\u043d\u044b\u0439-\u0434\u0438\u0437\u0430\u0439\u043d-2\/\" \/>\n<meta property=\"og:locale\" content=\"ru_RU\" \/>\n<meta property=\"og:type\" content=\"article\" \/>\n<meta property=\"og:title\" content=\"\u043b\u0430\u043d\u0434\u0448\u0430\u0444\u0442\u043d\u044b\u0439 \u0434\u0438\u0437\u0430\u0439\u043d - Aiakaar - Haljastus Tallinnas Pirital Haabneemes\" \/>\n<meta property=\"og:description\" content=\"Aedade hooldusena pakume hooajalist komplekshooldust v\u00f5i \u00fchekordset teenust. Teostame hekkide ja p\u00f5\u00f5saste hooldusl\u00f5ikusi ja noorendusl\u00f5ikusi.\" \/>\n<meta property=\"og:url\" content=\"https:\/\/aiakaar.ee\/\u043b\u0430\u043d\u0434\u0448\u0430\u0444\u0442\u043d\u044b\u0439-\u0434\u0438\u0437\u0430\u0439\u043d-2\/\" \/>\n<meta property=\"og:site_name\" content=\"Aiakaar - Haljastus Tallinnas Pirital Haabneemes\" \/>\n<meta property=\"article:modified_time\" content=\"2017-11-15T08:03:21+00:00\" \/>\n<meta name=\"twitter:card\" content=\"summary_large_image\" \/>\n<meta name=\"twitter:label1\" content=\"\u041f\u0440\u0438\u043c\u0435\u0440\u043d\u043e\u0435 \u0432\u0440\u0435\u043c\u044f \u0434\u043b\u044f \u0447\u0442\u0435\u043d\u0438\u044f\" \/>\n\t<meta name=\"twitter:data1\" content=\"7 \u043c\u0438\u043d\u0443\u0442\" \/>\n<script type=\"application\/ld+json\" class=\"yoast-schema-graph\">{\"@context\":\"https:\/\/schema.org\",\"@graph\":[{\"@type\":\"WebPage\",\"@id\":\"https:\/\/aiakaar.ee\/%d0%bb%d0%b0%d0%bd%d0%b4%d1%88%d0%b0%d1%84%d1%82%d0%bd%d1%8b%d0%b9-%d0%b4%d0%b8%d0%b7%d0%b0%d0%b9%d0%bd-2\/\",\"url\":\"https:\/\/aiakaar.ee\/%d0%bb%d0%b0%d0%bd%d0%b4%d1%88%d0%b0%d1%84%d1%82%d0%bd%d1%8b%d0%b9-%d0%b4%d0%b8%d0%b7%d0%b0%d0%b9%d0%bd-2\/\",\"name\":\"\u043b\u0430\u043d\u0434\u0448\u0430\u0444\u0442\u043d\u044b\u0439 \u0434\u0438\u0437\u0430\u0439\u043d - Aiakaar - Haljastus Tallinnas Pirital Haabneemes\",\"isPartOf\":{\"@id\":\"https:\/\/aiakaar.ee\/#website\"},\"datePublished\":\"2017-11-02T09:25:23+00:00\",\"dateModified\":\"2017-11-15T08:03:21+00:00\",\"description\":\"Aedade hooldusena pakume hooajalist komplekshooldust v\u00f5i \u00fchekordset teenust. Teostame hekkide ja p\u00f5\u00f5saste hooldusl\u00f5ikusi ja noorendusl\u00f5ikusi.\",\"breadcrumb\":{\"@id\":\"https:\/\/aiakaar.ee\/%d0%bb%d0%b0%d0%bd%d0%b4%d1%88%d0%b0%d1%84%d1%82%d0%bd%d1%8b%d0%b9-%d0%b4%d0%b8%d0%b7%d0%b0%d0%b9%d0%bd-2\/#breadcrumb\"},\"inLanguage\":\"ru-RU\",\"potentialAction\":[{\"@type\":\"ReadAction\",\"target\":[\"https:\/\/aiakaar.ee\/%d0%bb%d0%b0%d0%bd%d0%b4%d1%88%d0%b0%d1%84%d1%82%d0%bd%d1%8b%d0%b9-%d0%b4%d0%b8%d0%b7%d0%b0%d0%b9%d0%bd-2\/\"]}]},{\"@type\":\"BreadcrumbList\",\"@id\":\"https:\/\/aiakaar.ee\/%d0%bb%d0%b0%d0%bd%d0%b4%d1%88%d0%b0%d1%84%d1%82%d0%bd%d1%8b%d0%b9-%d0%b4%d0%b8%d0%b7%d0%b0%d0%b9%d0%bd-2\/#breadcrumb\",\"itemListElement\":[{\"@type\":\"ListItem\",\"position\":1,\"name\":\"Home\",\"item\":\"https:\/\/aiakaar.ee\/o%d0%b7%d0%b5%d0%bb%d0%b5%d0%bd%d0%b5%d0%bd%d0%b8%d0%b5\/\"},{\"@type\":\"ListItem\",\"position\":2,\"name\":\"\u043b\u0430\u043d\u0434\u0448\u0430\u0444\u0442\u043d\u044b\u0439 \u0434\u0438\u0437\u0430\u0439\u043d\"}]},{\"@type\":\"WebSite\",\"@id\":\"https:\/\/aiakaar.ee\/#website\",\"url\":\"https:\/\/aiakaar.ee\/\",\"name\":\"Aiakaar - Haljastus Tallinnas Pirital Haabneemes\",\"description\":\"Haljastus\",\"potentialAction\":[{\"@type\":\"SearchAction\",\"target\":{\"@type\":\"EntryPoint\",\"urlTemplate\":\"https:\/\/aiakaar.ee\/?s={search_term_string}\"},\"query-input\":{\"@type\":\"PropertyValueSpecification\",\"valueRequired\":true,\"valueName\":\"search_term_string\"}}],\"inLanguage\":\"ru-RU\"}]}<\/script>\n<!-- \/ Yoast SEO plugin. -->","yoast_head_json":{"title":"\u043b\u0430\u043d\u0434\u0448\u0430\u0444\u0442\u043d\u044b\u0439 \u0434\u0438\u0437\u0430\u0439\u043d - Aiakaar - Haljastus Tallinnas Pirital Haabneemes","description":"Aedade hooldusena pakume hooajalist komplekshooldust v\u00f5i \u00fchekordset teenust. Teostame hekkide ja p\u00f5\u00f5saste hooldusl\u00f5ikusi ja noorendusl\u00f5ikusi.","robots":{"index":"index","follow":"follow","max-snippet":"max-snippet:-1","max-image-preview":"max-image-preview:large","max-video-preview":"max-video-preview:-1"},"canonical":"https:\/\/aiakaar.ee\/\u043b\u0430\u043d\u0434\u0448\u0430\u0444\u0442\u043d\u044b\u0439-\u0434\u0438\u0437\u0430\u0439\u043d-2\/","og_locale":"ru_RU","og_type":"article","og_title":"\u043b\u0430\u043d\u0434\u0448\u0430\u0444\u0442\u043d\u044b\u0439 \u0434\u0438\u0437\u0430\u0439\u043d - Aiakaar - Haljastus Tallinnas Pirital Haabneemes","og_description":"Aedade hooldusena pakume hooajalist komplekshooldust v\u00f5i \u00fchekordset teenust. Teostame hekkide ja p\u00f5\u00f5saste hooldusl\u00f5ikusi ja noorendusl\u00f5ikusi.","og_url":"https:\/\/aiakaar.ee\/\u043b\u0430\u043d\u0434\u0448\u0430\u0444\u0442\u043d\u044b\u0439-\u0434\u0438\u0437\u0430\u0439\u043d-2\/","og_site_name":"Aiakaar - Haljastus Tallinnas Pirital Haabneemes","article_modified_time":"2017-11-15T08:03:21+00:00","twitter_card":"summary_large_image","twitter_misc":{"\u041f\u0440\u0438\u043c\u0435\u0440\u043d\u043e\u0435 \u0432\u0440\u0435\u043c\u044f \u0434\u043b\u044f \u0447\u0442\u0435\u043d\u0438\u044f":"7 \u043c\u0438\u043d\u0443\u0442"},"schema":{"@context":"https:\/\/schema.org","@graph":[{"@type":"WebPage","@id":"https:\/\/aiakaar.ee\/%d0%bb%d0%b0%d0%bd%d0%b4%d1%88%d0%b0%d1%84%d1%82%d0%bd%d1%8b%d0%b9-%d0%b4%d0%b8%d0%b7%d0%b0%d0%b9%d0%bd-2\/","url":"https:\/\/aiakaar.ee\/%d0%bb%d0%b0%d0%bd%d0%b4%d1%88%d0%b0%d1%84%d1%82%d0%bd%d1%8b%d0%b9-%d0%b4%d0%b8%d0%b7%d0%b0%d0%b9%d0%bd-2\/","name":"\u043b\u0430\u043d\u0434\u0448\u0430\u0444\u0442\u043d\u044b\u0439 \u0434\u0438\u0437\u0430\u0439\u043d - Aiakaar - Haljastus Tallinnas Pirital Haabneemes","isPartOf":{"@id":"https:\/\/aiakaar.ee\/#website"},"datePublished":"2017-11-02T09:25:23+00:00","dateModified":"2017-11-15T08:03:21+00:00","description":"Aedade hooldusena pakume hooajalist komplekshooldust v\u00f5i \u00fchekordset teenust. Teostame hekkide ja p\u00f5\u00f5saste hooldusl\u00f5ikusi ja noorendusl\u00f5ikusi.","breadcrumb":{"@id":"https:\/\/aiakaar.ee\/%d0%bb%d0%b0%d0%bd%d0%b4%d1%88%d0%b0%d1%84%d1%82%d0%bd%d1%8b%d0%b9-%d0%b4%d0%b8%d0%b7%d0%b0%d0%b9%d0%bd-2\/#breadcrumb"},"inLanguage":"ru-RU","potentialAction":[{"@type":"ReadAction","target":["https:\/\/aiakaar.ee\/%d0%bb%d0%b0%d0%bd%d0%b4%d1%88%d0%b0%d1%84%d1%82%d0%bd%d1%8b%d0%b9-%d0%b4%d0%b8%d0%b7%d0%b0%d0%b9%d0%bd-2\/"]}]},{"@type":"BreadcrumbList","@id":"https:\/\/aiakaar.ee\/%d0%bb%d0%b0%d0%bd%d0%b4%d1%88%d0%b0%d1%84%d1%82%d0%bd%d1%8b%d0%b9-%d0%b4%d0%b8%d0%b7%d0%b0%d0%b9%d0%bd-2\/#breadcrumb","itemListElement":[{"@type":"ListItem","position":1,"name":"Home","item":"https:\/\/aiakaar.ee\/o%d0%b7%d0%b5%d0%bb%d0%b5%d0%bd%d0%b5%d0%bd%d0%b8%d0%b5\/"},{"@type":"ListItem","position":2,"name":"\u043b\u0430\u043d\u0434\u0448\u0430\u0444\u0442\u043d\u044b\u0439 \u0434\u0438\u0437\u0430\u0439\u043d"}]},{"@type":"WebSite","@id":"https:\/\/aiakaar.ee\/#website","url":"https:\/\/aiakaar.ee\/","name":"Aiakaar - Haljastus Tallinnas Pirital Haabneemes","description":"Haljastus","potentialAction":[{"@type":"SearchAction","target":{"@type":"EntryPoint","urlTemplate":"https:\/\/aiakaar.ee\/?s={search_term_string}"},"query-input":{"@type":"PropertyValueSpecification","valueRequired":true,"valueName":"search_term_string"}}],"inLanguage":"ru-RU"}]}},"_links":{"self":[{"href":"https:\/\/aiakaar.ee\/ru\/wp-json\/wp\/v2\/pages\/652","targetHints":{"allow":["GET"]}}],"collection":[{"href":"https:\/\/aiakaar.ee\/ru\/wp-json\/wp\/v2\/pages"}],"about":[{"href":"https:\/\/aiakaar.ee\/ru\/wp-json\/wp\/v2\/types\/page"}],"author":[{"embeddable":true,"href":"https:\/\/aiakaar.ee\/ru\/wp-json\/wp\/v2\/users\/1"}],"replies":[{"embeddable":true,"href":"https:\/\/aiakaar.ee\/ru\/wp-json\/wp\/v2\/comments?post=652"}],"version-history":[{"count":8,"href":"https:\/\/aiakaar.ee\/ru\/wp-json\/wp\/v2\/pages\/652\/revisions"}],"predecessor-version":[{"id":1206,"href":"https:\/\/aiakaar.ee\/ru\/wp-json\/wp\/v2\/pages\/652\/revisions\/1206"}],"wp:attachment":[{"href":"https:\/\/aiakaar.ee\/ru\/wp-json\/wp\/v2\/media?parent=652"}],"curies":[{"name":"wp","href":"https:\/\/api.w.org\/{rel}","templated":true}]}}